{"id":517,"date":"2019-01-29T23:03:09","date_gmt":"2019-01-29T23:03:09","guid":{"rendered":"https:\/\/happyplanet1.wpengine.com\/?page_id=517"},"modified":"2019-03-08T20:33:41","modified_gmt":"2019-03-08T20:33:41","slug":"privacy-policy","status":"publish","type":"page","link":"https:\/\/happyplanet.com\/fr\/privacy-policy\/","title":{"rendered":"Politique de confidentialit\u00e9"},"content":{"rendered":"<p>&nbsp;<\/p>\n<p>Happy Planet Foods, Inc. (\u00ab Happy Planet Foods \u00bb, \u00ab nous \u00bb ou \u00ab nos \u00bb) reconna\u00eet l&#039;importance de la confidentialit\u00e9 de vos informations personnelles.<\/p>\n<p>M\u00eame si vous ne faites rien de plus lors de votre visite que de parcourir le site Web Happy Planet ou Fresh Soup Love (le \u00ab\u00a0Site\u00a0\u00bb), de lire des pages ou de t\u00e9l\u00e9charger des informations, sachez que Happy Planet Foods recueille et stocke automatiquement certaines informations sur votre visite. . Ces informations ne vous identifient pas personnellement. Happy Planet Foods collecte et stocke uniquement les informations suivantes concernant votre visite :<\/p>\n<p>\u2022 Le domaine Internet et l&#039;adresse IP (Internet Protocol) \u00e0 partir desquels vous acc\u00e9dez au Site ;<br \/>\n\u2022 Le type de navigateur et de syst\u00e8me d&#039;exploitation utilis\u00e9 pour acc\u00e9der au Site ;<br \/>\n\u2022 La date et l&#039;heure auxquelles vous acc\u00e9dez au Site ;<br \/>\n\u2022 Les pages que vous visitez sur le Site ; et<br \/>\n\u2022 Si vous \u00eates li\u00e9 au site \u00e0 partir d&#039;un autre site Web, l&#039;adresse de ce site Web.<\/p>\n<p>Happy Planet Foods utilise ces informations pour nous aider \u00e0 rendre le site plus utile aux visiteurs et pour conna\u00eetre le nombre de visiteurs sur notre site.<\/p>\n<p>Happy Planet Foods ne suit ni n&#039;enregistre vos informations personnelles - c&#039;est-\u00e0-dire les informations qui peuvent \u00eatre utilis\u00e9es pour vous identifier personnellement, telles que votre nom, votre adresse, votre adresse e-mail ou votre \u00e2ge - lors de votre visite du site, sauf si vous choisissez de fournir Happy Planet Foods avec des informations personnelles dans un e-mail ou en remplissant un formulaire \u00e9lectronique et en le soumettant \u00e0 Happy Planet Foods via le Site. Si vous fournissez des informations personnelles \u00e0 Happy Planet Foods de cette mani\u00e8re, Happy Planet Foods\u00a0:<br \/>\n\u2022 utiliser ces informations pour vous r\u00e9pondre et nous aider \u00e0 vous fournir les informations ou services demand\u00e9s\u00a0;<br \/>\n\u2022 partager les informations entre Happy Planet Foods et toutes les soci\u00e9t\u00e9s affili\u00e9es \u00e0 Happy Planet Foods (par exemple, une filiale ou une soci\u00e9t\u00e9 appartenant au m\u00eame propri\u00e9taire que Happy Planet Foods) \u00e0 des fins de marketing interne, mais nous ne vendrons pas ou transf\u00e9rer ces informations \u00e0 quiconque en dehors du groupe de soci\u00e9t\u00e9s Happy Planet Foods.<\/p>\n<p>Veuillez noter que tous les messages et communications envoy\u00e9s \u00e0 Happy Planet Foods sont r\u00e9put\u00e9s \u00eatre la propri\u00e9t\u00e9 de Happy Planet Foods, et que Happy Planet Foods est libre d&#039;utiliser et de reproduire librement et \u00e0 quelque fin que ce soit toute information non personnelle divulgu\u00e9e dans ces messages. Sans limiter la g\u00e9n\u00e9ralit\u00e9 de ce qui pr\u00e9c\u00e8de, Happy Planet Foods est libre d&#039;utiliser toute id\u00e9e ou concept contenu dans une telle communication \u00e0 quelque fin que ce soit, y compris le d\u00e9veloppement, la fabrication, la publicit\u00e9 et le marketing de produits. Une telle utilisation est sans compensation pour la partie qui soumet les informations. En soumettant des informations, vous garantissez \u00e9galement \u00e0 Happy Planet Foods que vous \u00eates propri\u00e9taire du mat\u00e9riel\/contenu soumis, que ce mat\u00e9riel et ce contenu ne sont pas diffamatoires et que l&#039;utilisation par Happy Planet Foods ne violera les droits d&#039;aucun tiers. Happy Planet Foods n&#039;a aucune obligation d&#039;utiliser les informations soumises.<\/p>\n<p>Ce site peut contenir des liens vers d&#039;autres sites Web. Happy Planet Foods n&#039;est pas responsable du contenu et des pratiques de confidentialit\u00e9 des autres sites Web et vous encourage \u00e0 examiner la politique de confidentialit\u00e9 et les conditions g\u00e9n\u00e9rales de chaque autre site Web et \u00e0 prendre vos propres d\u00e9cisions concernant la divulgation de vos informations personnelles \u00e0 ce site.<\/p>\n<p>Bien que Happy Planet Foods utilise des proc\u00e9dures physiques, administratives et \u00e9lectroniques raisonnables pour tenter de s\u00e9curiser les informations des utilisateurs que Happy Planet Foods collecte via le Site, aucune transmission de donn\u00e9es sur Internet ne peut \u00eatre garantie en toute s\u00e9curit\u00e9. Par cons\u00e9quent, Happy Planet Foods ne peut pas repr\u00e9senter et ne garantit pas la s\u00e9curit\u00e9 des informations que vous pourriez fournir \u00e0 Happy Planet Foods via le Site ou par e-mail. Si vous fournissez des informations \u00e0 Happy Planet Foods, vous le faites \u00e0 vos risques et p\u00e9rils, et Happy Planet Foods n&#039;accepte aucune responsabilit\u00e9 pour ces informations ou pour l&#039;utilisation abusive de ces informations par toute partie autre que Happy Planet Foods.<\/p>\n<p>Happy Planet Foods vous fournira toutes les informations identifiables que Happy Planet Foods a collect\u00e9es \u00e0 votre sujet via ce site Web. Vous pouvez \u00e9galement demander que vos informations ne soient pas utilis\u00e9es \u00e0 des fins particuli\u00e8res ou pas du tout.<\/p>\n<p>Si vous avez des questions sur les pratiques d&#039;information de Happy Planet Foods ou si vous souhaitez parler \u00e0 Happy Planet Foods de vos propres informations, veuillez contacter \u00b7 1-800-811-3213 ou \u00b7\u00a0<a href=\"mailto:happy@happyplanetfoods.com?subject=Privacy%20Policy\">happy@happyplanetfoods.com<\/a>\u00a0ou \u00b7 Happy Planet Foods, PO Box 3018, Vancouver, BC, V6B 3X5<\/p>","protected":false},"excerpt":{"rendered":"<p>&nbsp; Happy Planet Foods, Inc. (&#8220;Happy Planet Foods&#8221;, &#8220;we&#8221; or &#8220;us&#8221;) recognizes the importance of the privacy and confidentiality of [&hellip;]<\/p>\n","protected":false},"author":2,"featured_media":0,"parent":0,"menu_order":0,"comment_status":"closed","ping_status":"closed","template":"","meta":{"_acf_changed":false,"footnotes":""},"class_list":["post-517","page","type-page","status-publish","hentry"],"acf":[],"yoast_head":"<!-- This site is optimized with the Yoast SEO plugin v27.1.1 - https:\/\/yoast.com\/product\/yoast-seo-wordpress\/ -->\n<title>Privacy Policy | Happy Planet Foods<\/title>\n<meta name=\"description\" content=\"Happy Planet Foods, Inc. (&quot;Happy Planet Foods&quot;, &quot;we&quot; or &quot;us&quot;) recognizes the importance of the privacy and confidentiality of your personal information.Even if you do nothing more during your visit than browse through the Happy Planet or Fresh Soup Love website (the &quot;Site&quot;), read pages, or download information, please be aware that Happy Planet Foods automatically gathers and stores certain information about your visit.\" \/>\n<meta name=\"robots\" content=\"index, follow, max-snippet:-1, max-image-preview:large, max-video-preview:-1\" \/>\n<link rel=\"canonical\" href=\"http:\/\/happyplanet.com\/fr\/privacy-policy\/\" \/>\n<meta property=\"og:locale\" content=\"fr_FR\" \/>\n<meta property=\"og:type\" content=\"article\" \/>\n<meta property=\"og:title\" content=\"Privacy Policy | Happy Planet Foods\" \/>\n<meta property=\"og:description\" content=\"Happy Planet Foods, Inc. (&quot;Happy Planet Foods&quot;, &quot;we&quot; or &quot;us&quot;) recognizes the importance of the privacy and confidentiality of your personal information.Even if you do nothing more during your visit than browse through the Happy Planet or Fresh Soup Love website (the &quot;Site&quot;), read pages, or download information, please be aware that Happy Planet Foods automatically gathers and stores certain information about your visit.\" \/>\n<meta property=\"og:url\" content=\"http:\/\/happyplanet.com\/fr\/privacy-policy\/\" \/>\n<meta property=\"og:site_name\" content=\"Happy Planet Foods\" \/>\n<meta property=\"article:publisher\" content=\"https:\/\/www.facebook.com\/HappyPlanetFoodsInc\" \/>\n<meta property=\"article:modified_time\" content=\"2019-03-08T20:33:41+00:00\" \/>\n<meta name=\"twitter:card\" content=\"summary_large_image\" \/>\n<meta name=\"twitter:site\" content=\"@TeamHappyPlanet\" \/>\n<meta name=\"twitter:label1\" content=\"Dur\u00e9e de lecture estim\u00e9e\" \/>\n\t<meta name=\"twitter:data1\" content=\"4 minutes\" \/>\n<script type=\"application\/ld+json\" class=\"yoast-schema-graph\">{\"@context\":\"https:\/\/schema.org\",\"@graph\":[{\"@type\":\"WebPage\",\"@id\":\"http:\/\/happyplanet.com\/privacy-policy\/\",\"url\":\"http:\/\/happyplanet.com\/privacy-policy\/\",\"name\":\"Privacy Policy | Happy Planet Foods\",\"isPartOf\":{\"@id\":\"https:\/\/happyplanet.com\/#website\"},\"datePublished\":\"2019-01-29T23:03:09+00:00\",\"dateModified\":\"2019-03-08T20:33:41+00:00\",\"description\":\"Happy Planet Foods, Inc. (\\\"Happy Planet Foods\\\", \\\"we\\\" or \\\"us\\\") recognizes the importance of the privacy and confidentiality of your personal information.Even if you do nothing more during your visit than browse through the Happy Planet or Fresh Soup Love website (the \\\"Site\\\"), read pages, or download information, please be aware that Happy Planet Foods automatically gathers and stores certain information about your visit.\",\"breadcrumb\":{\"@id\":\"http:\/\/happyplanet.com\/privacy-policy\/#breadcrumb\"},\"inLanguage\":\"fr-FR\",\"potentialAction\":[{\"@type\":\"ReadAction\",\"target\":[\"http:\/\/happyplanet.com\/privacy-policy\/\"]}]},{\"@type\":\"BreadcrumbList\",\"@id\":\"http:\/\/happyplanet.com\/privacy-policy\/#breadcrumb\",\"itemListElement\":[{\"@type\":\"ListItem\",\"position\":1,\"name\":\"Home\",\"item\":\"https:\/\/happyplanet.com\/\"},{\"@type\":\"ListItem\",\"position\":2,\"name\":\"Privacy Policy\"}]},{\"@type\":\"WebSite\",\"@id\":\"https:\/\/happyplanet.com\/#website\",\"url\":\"https:\/\/happyplanet.com\/\",\"name\":\"Happy Planet Foods\",\"description\":\"\",\"publisher\":{\"@id\":\"https:\/\/happyplanet.com\/#organization\"},\"potentialAction\":[{\"@type\":\"SearchAction\",\"target\":{\"@type\":\"EntryPoint\",\"urlTemplate\":\"https:\/\/happyplanet.com\/?s={search_term_string}\"},\"query-input\":{\"@type\":\"PropertyValueSpecification\",\"valueRequired\":true,\"valueName\":\"search_term_string\"}}],\"inLanguage\":\"fr-FR\"},{\"@type\":\"Organization\",\"@id\":\"https:\/\/happyplanet.com\/#organization\",\"name\":\"Happy Planet Foods\",\"url\":\"https:\/\/happyplanet.com\/\",\"logo\":{\"@type\":\"ImageObject\",\"inLanguage\":\"fr-FR\",\"@id\":\"https:\/\/happyplanet.com\/#\/schema\/logo\/image\/\",\"url\":\"https:\/\/happyplanet.com\/wp-content\/uploads\/2019\/01\/Logo-2.png\",\"contentUrl\":\"https:\/\/happyplanet.com\/wp-content\/uploads\/2019\/01\/Logo-2.png\",\"width\":678,\"height\":350,\"caption\":\"Happy Planet Foods\"},\"image\":{\"@id\":\"https:\/\/happyplanet.com\/#\/schema\/logo\/image\/\"},\"sameAs\":[\"https:\/\/www.facebook.com\/HappyPlanetFoodsInc\",\"https:\/\/x.com\/TeamHappyPlanet\",\"https:\/\/www.instagram.com\/happyplanetfoods\/\",\"https:\/\/www.youtube.com\/user\/HappyPlanetFoods\"]}]}<\/script>\n<!-- \/ Yoast SEO plugin. -->","yoast_head_json":{"title":"Politique de confidentialit\u00e9 | Happy Planet Foods","description":"Happy Planet Foods, Inc. (\u00ab Happy Planet Foods \u00bb, \u00ab nous \u00bb ou \u00ab notre \u00bb) reconna\u00eet l&#039;importance de la confidentialit\u00e9 et de la confidentialit\u00e9 de vos informations personnelles. M\u00eame si vous ne faites rien de plus pendant votre visite que de parcourir le site Web Happy Planet ou Fresh Soup Love (le \u00ab Site \u00bb), de lire des pages ou de t\u00e9l\u00e9charger des informations, sachez que Happy Planet Foods collecte et stocke automatiquement certaines informations sur votre visite.","robots":{"index":"index","follow":"follow","max-snippet":"max-snippet:-1","max-image-preview":"max-image-preview:large","max-video-preview":"max-video-preview:-1"},"canonical":"http:\/\/happyplanet.com\/fr\/privacy-policy\/","og_locale":"fr_FR","og_type":"article","og_title":"Privacy Policy | Happy Planet Foods","og_description":"Happy Planet Foods, Inc. (\"Happy Planet Foods\", \"we\" or \"us\") recognizes the importance of the privacy and confidentiality of your personal information.Even if you do nothing more during your visit than browse through the Happy Planet or Fresh Soup Love website (the \"Site\"), read pages, or download information, please be aware that Happy Planet Foods automatically gathers and stores certain information about your visit.","og_url":"http:\/\/happyplanet.com\/fr\/privacy-policy\/","og_site_name":"Happy Planet Foods","article_publisher":"https:\/\/www.facebook.com\/HappyPlanetFoodsInc","article_modified_time":"2019-03-08T20:33:41+00:00","twitter_card":"summary_large_image","twitter_site":"@TeamHappyPlanet","twitter_misc":{"Dur\u00e9e de lecture estim\u00e9e":"4 minutes"},"schema":{"@context":"https:\/\/schema.org","@graph":[{"@type":"WebPage","@id":"http:\/\/happyplanet.com\/privacy-policy\/","url":"http:\/\/happyplanet.com\/privacy-policy\/","name":"Politique de confidentialit\u00e9 | Happy Planet Foods","isPartOf":{"@id":"https:\/\/happyplanet.com\/#website"},"datePublished":"2019-01-29T23:03:09+00:00","dateModified":"2019-03-08T20:33:41+00:00","description":"Happy Planet Foods, Inc. (\u00ab Happy Planet Foods \u00bb, \u00ab nous \u00bb ou \u00ab notre \u00bb) reconna\u00eet l&#039;importance de la confidentialit\u00e9 et de la confidentialit\u00e9 de vos informations personnelles. M\u00eame si vous ne faites rien de plus pendant votre visite que de parcourir le site Web Happy Planet ou Fresh Soup Love (le \u00ab Site \u00bb), de lire des pages ou de t\u00e9l\u00e9charger des informations, sachez que Happy Planet Foods collecte et stocke automatiquement certaines informations sur votre visite.","breadcrumb":{"@id":"http:\/\/happyplanet.com\/privacy-policy\/#breadcrumb"},"inLanguage":"fr-FR","potentialAction":[{"@type":"ReadAction","target":["http:\/\/happyplanet.com\/privacy-policy\/"]}]},{"@type":"BreadcrumbList","@id":"http:\/\/happyplanet.com\/privacy-policy\/#breadcrumb","itemListElement":[{"@type":"ListItem","position":1,"name":"Home","item":"https:\/\/happyplanet.com\/"},{"@type":"ListItem","position":2,"name":"Privacy Policy"}]},{"@type":"WebSite","@id":"https:\/\/happyplanet.com\/#website","url":"https:\/\/happyplanet.com\/","name":"Happy Planet Aliments","description":"","publisher":{"@id":"https:\/\/happyplanet.com\/#organization"},"potentialAction":[{"@type":"SearchAction","target":{"@type":"EntryPoint","urlTemplate":"https:\/\/happyplanet.com\/?s={search_term_string}"},"query-input":{"@type":"PropertyValueSpecification","valueRequired":true,"valueName":"search_term_string"}}],"inLanguage":"fr-FR"},{"@type":"Organization","@id":"https:\/\/happyplanet.com\/#organization","name":"Happy Planet Aliments","url":"https:\/\/happyplanet.com\/","logo":{"@type":"ImageObject","inLanguage":"fr-FR","@id":"https:\/\/happyplanet.com\/#\/schema\/logo\/image\/","url":"https:\/\/happyplanet.com\/wp-content\/uploads\/2019\/01\/Logo-2.png","contentUrl":"https:\/\/happyplanet.com\/wp-content\/uploads\/2019\/01\/Logo-2.png","width":678,"height":350,"caption":"Happy Planet Foods"},"image":{"@id":"https:\/\/happyplanet.com\/#\/schema\/logo\/image\/"},"sameAs":["https:\/\/www.facebook.com\/HappyPlanetFoodsInc","https:\/\/x.com\/TeamHappyPlanet","https:\/\/www.instagram.com\/happyplanetfoods\/","https:\/\/www.youtube.com\/user\/HappyPlanetFoods"]}]}},"_links":{"self":[{"href":"https:\/\/happyplanet.com\/fr\/wp-json\/wp\/v2\/pages\/517","targetHints":{"allow":["GET"]}}],"collection":[{"href":"https:\/\/happyplanet.com\/fr\/wp-json\/wp\/v2\/pages"}],"about":[{"href":"https:\/\/happyplanet.com\/fr\/wp-json\/wp\/v2\/types\/page"}],"author":[{"embeddable":true,"href":"https:\/\/happyplanet.com\/fr\/wp-json\/wp\/v2\/users\/2"}],"replies":[{"embeddable":true,"href":"https:\/\/happyplanet.com\/fr\/wp-json\/wp\/v2\/comments?post=517"}],"version-history":[{"count":0,"href":"https:\/\/happyplanet.com\/fr\/wp-json\/wp\/v2\/pages\/517\/revisions"}],"wp:attachment":[{"href":"https:\/\/happyplanet.com\/fr\/wp-json\/wp\/v2\/media?parent=517"}],"curies":[{"name":"wp","href":"https:\/\/api.w.org\/{rel}","templated":true}]}}