{"id":515,"date":"2019-01-29T23:02:53","date_gmt":"2019-01-29T23:02:53","guid":{"rendered":"https:\/\/happyplanet1.wpengine.com\/?page_id=515"},"modified":"2019-03-08T20:33:05","modified_gmt":"2019-03-08T20:33:05","slug":"terms-conditions","status":"publish","type":"page","link":"https:\/\/happyplanet.com\/fr\/terms-conditions\/","title":{"rendered":"termes et conditions"},"content":{"rendered":"<h4>Les conditions d&#039;utilisation de Happy Planet (&quot;Accord&quot;)<\/h4>\n<p><span style=\"font-weight: 400;\">Le pr\u00e9sent accord a \u00e9t\u00e9 modifi\u00e9 pour la derni\u00e8re fois le 5 mai 2016.<\/span><\/p>\n<p><span style=\"font-weight: 400;\">Veuillez lire enti\u00e8rement ces conditions d&#039;utilisation en utilisant happyplanet.com qui est d\u00e9tenu et exploit\u00e9 par Happy Planet. Cet accord documente les termes et conditions juridiquement contraignants attach\u00e9s \u00e0 l&#039;utilisation du site sur happyplanet.com.<\/span><\/p>\n<p><span style=\"font-weight: 400;\">En utilisant ou en acc\u00e9dant au Site de quelque mani\u00e8re que ce soit, en visualisant ou en naviguant sur le Site, ou en ajoutant votre propre contenu au Site, vous acceptez d&#039;\u00eatre li\u00e9 par les pr\u00e9sentes Conditions d&#039;utilisation.<\/span><\/p>\n<h4><span style=\"font-weight: 400;\">Propri\u00e9t\u00e9 intellectuelle<\/span><\/h4>\n<p><span style=\"font-weight: 400;\">Le Site et l&#039;ensemble de son contenu original sont la propri\u00e9t\u00e9 exclusive de Happy Planet et sont, \u00e0 ce titre, enti\u00e8rement prot\u00e9g\u00e9s par les lois internationales appropri\u00e9es sur le droit d&#039;auteur et les autres droits de propri\u00e9t\u00e9 intellectuelle.<\/span><\/p>\n<h4><span style=\"font-weight: 400;\">Liens vers d&#039;autres sites Web <\/span><\/h4>\n<p><span style=\"font-weight: 400;\">Notre site contient un certain nombre de liens vers d&#039;autres sites Web et ressources en ligne qui ne sont ni d\u00e9tenus ni contr\u00f4l\u00e9s par Happy Planet.<\/span><\/p>\n<p><span style=\"font-weight: 400;\">Happy Planet n&#039;a aucun contr\u00f4le sur, et ne peut donc pas assumer la responsabilit\u00e9 du contenu ou des pratiques g\u00e9n\u00e9rales de l&#039;un de ces sites et\/ou services tiers. Par cons\u00e9quent, nous vous conseillons vivement de lire l&#039;int\u00e9gralit\u00e9 des conditions g\u00e9n\u00e9rales et de la politique de confidentialit\u00e9 de tout site que vous visitez en suivant un lien publi\u00e9 sur notre site.<\/span><\/p>\n<h4><span style=\"font-weight: 400;\">Modifications de cet accord <\/span><\/h4>\n<p><span style=\"font-weight: 400;\">Happy Planet se r\u00e9serve le droit de modifier \u00e0 tout moment les pr\u00e9sentes CGU. Pour ce faire, nous publions et attirons l&#039;attention sur les conditions mises \u00e0 jour sur le site. Votre d\u00e9cision de continuer \u00e0 visiter et \u00e0 utiliser le site apr\u00e8s que de telles modifications ont \u00e9t\u00e9 apport\u00e9es constitue votre acceptation formelle des nouvelles conditions d&#039;utilisation.<\/span><\/p>\n<p><span style=\"font-weight: 400;\">Par cons\u00e9quent, nous vous demandons de v\u00e9rifier et d&#039;examiner le pr\u00e9sent Accord pour de tels changements sur une base occasionnelle. Si vous n&#039;acceptez pas une disposition du pr\u00e9sent Accord ou toute modification que nous apportons \u00e0 cet Accord, nous vous demandons et vous conseillons de ne pas utiliser ou de continuer \u00e0 acc\u00e9der au site Happy Planet imm\u00e9diatement.<\/span><\/p>\n<h4><span style=\"font-weight: 400;\">Nous contacter<\/span><\/h4>\n<p><span style=\"font-weight: 400;\">Si vous avez des questions au sujet de cet accord, n&#039;h\u00e9sitez pas \u00e0 nous contacter \u00e0\u00a0<a href=\"https:\/\/happyplanet.com\/fr\/privacy-policy\/\" target=\"_blank\" rel=\"noopener noreferrer\">happy@happyplanet.com<\/a><\/span><\/p>\n<p>&nbsp;<\/p>","protected":false},"excerpt":{"rendered":"<p>The Happy Planet Terms of Service (\u201cAgreement\u201d) This Agreement was last modified on May 5, 2016. Please read these Terms [&hellip;]<\/p>\n","protected":false},"author":2,"featured_media":0,"parent":0,"menu_order":0,"comment_status":"closed","ping_status":"closed","template":"","meta":{"_acf_changed":false,"footnotes":""},"class_list":["post-515","page","type-page","status-publish","hentry"],"acf":[],"yoast_head":"<!-- This site is optimized with the Yoast SEO plugin v27.1.1 - https:\/\/yoast.com\/product\/yoast-seo-wordpress\/ -->\n<title>Terms &amp; Conditions | Happy Planet Foods<\/title>\n<meta name=\"description\" content=\"Please read these Terms of Service completely using happyplanet.com which is owned and operated by Happy Planet . This Agreement documents the legally binding terms and conditions attached to the use of the Site at happyplanet.com.\" \/>\n<meta name=\"robots\" content=\"index, follow, max-snippet:-1, max-image-preview:large, max-video-preview:-1\" \/>\n<link rel=\"canonical\" href=\"http:\/\/happyplanet.com\/fr\/terms-conditions\/\" \/>\n<meta property=\"og:locale\" content=\"fr_FR\" \/>\n<meta property=\"og:type\" content=\"article\" \/>\n<meta property=\"og:title\" content=\"Terms &amp; Conditions | Happy Planet Foods\" \/>\n<meta property=\"og:description\" content=\"Please read these Terms of Service completely using happyplanet.com which is owned and operated by Happy Planet . This Agreement documents the legally binding terms and conditions attached to the use of the Site at happyplanet.com.\" \/>\n<meta property=\"og:url\" content=\"http:\/\/happyplanet.com\/fr\/terms-conditions\/\" \/>\n<meta property=\"og:site_name\" content=\"Happy Planet Foods\" \/>\n<meta property=\"article:publisher\" content=\"https:\/\/www.facebook.com\/HappyPlanetFoodsInc\" \/>\n<meta property=\"article:modified_time\" content=\"2019-03-08T20:33:05+00:00\" \/>\n<meta name=\"twitter:card\" content=\"summary_large_image\" \/>\n<meta name=\"twitter:site\" content=\"@TeamHappyPlanet\" \/>\n<meta name=\"twitter:label1\" content=\"Dur\u00e9e de lecture estim\u00e9e\" \/>\n\t<meta name=\"twitter:data1\" content=\"2 minutes\" \/>\n<script type=\"application\/ld+json\" class=\"yoast-schema-graph\">{\"@context\":\"https:\/\/schema.org\",\"@graph\":[{\"@type\":\"WebPage\",\"@id\":\"http:\/\/happyplanet.com\/terms-conditions\/\",\"url\":\"http:\/\/happyplanet.com\/terms-conditions\/\",\"name\":\"Terms & Conditions | Happy Planet Foods\",\"isPartOf\":{\"@id\":\"https:\/\/happyplanet.com\/#website\"},\"datePublished\":\"2019-01-29T23:02:53+00:00\",\"dateModified\":\"2019-03-08T20:33:05+00:00\",\"description\":\"Please read these Terms of Service completely using happyplanet.com which is owned and operated by Happy Planet . This Agreement documents the legally binding terms and conditions attached to the use of the Site at happyplanet.com.\",\"breadcrumb\":{\"@id\":\"http:\/\/happyplanet.com\/terms-conditions\/#breadcrumb\"},\"inLanguage\":\"fr-FR\",\"potentialAction\":[{\"@type\":\"ReadAction\",\"target\":[\"http:\/\/happyplanet.com\/terms-conditions\/\"]}]},{\"@type\":\"BreadcrumbList\",\"@id\":\"http:\/\/happyplanet.com\/terms-conditions\/#breadcrumb\",\"itemListElement\":[{\"@type\":\"ListItem\",\"position\":1,\"name\":\"Home\",\"item\":\"https:\/\/happyplanet.com\/\"},{\"@type\":\"ListItem\",\"position\":2,\"name\":\"Terms &#038; Conditions\"}]},{\"@type\":\"WebSite\",\"@id\":\"https:\/\/happyplanet.com\/#website\",\"url\":\"https:\/\/happyplanet.com\/\",\"name\":\"Happy Planet Foods\",\"description\":\"\",\"publisher\":{\"@id\":\"https:\/\/happyplanet.com\/#organization\"},\"potentialAction\":[{\"@type\":\"SearchAction\",\"target\":{\"@type\":\"EntryPoint\",\"urlTemplate\":\"https:\/\/happyplanet.com\/?s={search_term_string}\"},\"query-input\":{\"@type\":\"PropertyValueSpecification\",\"valueRequired\":true,\"valueName\":\"search_term_string\"}}],\"inLanguage\":\"fr-FR\"},{\"@type\":\"Organization\",\"@id\":\"https:\/\/happyplanet.com\/#organization\",\"name\":\"Happy Planet Foods\",\"url\":\"https:\/\/happyplanet.com\/\",\"logo\":{\"@type\":\"ImageObject\",\"inLanguage\":\"fr-FR\",\"@id\":\"https:\/\/happyplanet.com\/#\/schema\/logo\/image\/\",\"url\":\"https:\/\/happyplanet.com\/wp-content\/uploads\/2019\/01\/Logo-2.png\",\"contentUrl\":\"https:\/\/happyplanet.com\/wp-content\/uploads\/2019\/01\/Logo-2.png\",\"width\":678,\"height\":350,\"caption\":\"Happy Planet Foods\"},\"image\":{\"@id\":\"https:\/\/happyplanet.com\/#\/schema\/logo\/image\/\"},\"sameAs\":[\"https:\/\/www.facebook.com\/HappyPlanetFoodsInc\",\"https:\/\/x.com\/TeamHappyPlanet\",\"https:\/\/www.instagram.com\/happyplanetfoods\/\",\"https:\/\/www.youtube.com\/user\/HappyPlanetFoods\"]}]}<\/script>\n<!-- \/ Yoast SEO plugin. -->","yoast_head_json":{"title":"Conditions g\u00e9n\u00e9rales | Happy Planet Foods","description":"Veuillez lire attentivement les pr\u00e9sentes Conditions d&#039;utilisation du site happyplanet.com, d\u00e9tenu et exploit\u00e9 par Happy Planet. Cet accord d\u00e9finit les conditions g\u00e9n\u00e9rales d&#039;utilisation du site happyplanet.com.","robots":{"index":"index","follow":"follow","max-snippet":"max-snippet:-1","max-image-preview":"max-image-preview:large","max-video-preview":"max-video-preview:-1"},"canonical":"http:\/\/happyplanet.com\/fr\/terms-conditions\/","og_locale":"fr_FR","og_type":"article","og_title":"Terms & Conditions | Happy Planet Foods","og_description":"Please read these Terms of Service completely using happyplanet.com which is owned and operated by Happy Planet . This Agreement documents the legally binding terms and conditions attached to the use of the Site at happyplanet.com.","og_url":"http:\/\/happyplanet.com\/fr\/terms-conditions\/","og_site_name":"Happy Planet Foods","article_publisher":"https:\/\/www.facebook.com\/HappyPlanetFoodsInc","article_modified_time":"2019-03-08T20:33:05+00:00","twitter_card":"summary_large_image","twitter_site":"@TeamHappyPlanet","twitter_misc":{"Dur\u00e9e de lecture estim\u00e9e":"2 minutes"},"schema":{"@context":"https:\/\/schema.org","@graph":[{"@type":"WebPage","@id":"http:\/\/happyplanet.com\/terms-conditions\/","url":"http:\/\/happyplanet.com\/terms-conditions\/","name":"Conditions g\u00e9n\u00e9rales | Happy Planet Foods","isPartOf":{"@id":"https:\/\/happyplanet.com\/#website"},"datePublished":"2019-01-29T23:02:53+00:00","dateModified":"2019-03-08T20:33:05+00:00","description":"Veuillez lire attentivement les pr\u00e9sentes Conditions d&#039;utilisation du site happyplanet.com, d\u00e9tenu et exploit\u00e9 par Happy Planet. Cet accord d\u00e9finit les conditions g\u00e9n\u00e9rales d&#039;utilisation du site happyplanet.com.","breadcrumb":{"@id":"http:\/\/happyplanet.com\/terms-conditions\/#breadcrumb"},"inLanguage":"fr-FR","potentialAction":[{"@type":"ReadAction","target":["http:\/\/happyplanet.com\/terms-conditions\/"]}]},{"@type":"BreadcrumbList","@id":"http:\/\/happyplanet.com\/terms-conditions\/#breadcrumb","itemListElement":[{"@type":"ListItem","position":1,"name":"Home","item":"https:\/\/happyplanet.com\/"},{"@type":"ListItem","position":2,"name":"Terms &#038; Conditions"}]},{"@type":"WebSite","@id":"https:\/\/happyplanet.com\/#website","url":"https:\/\/happyplanet.com\/","name":"Happy Planet Aliments","description":"","publisher":{"@id":"https:\/\/happyplanet.com\/#organization"},"potentialAction":[{"@type":"SearchAction","target":{"@type":"EntryPoint","urlTemplate":"https:\/\/happyplanet.com\/?s={search_term_string}"},"query-input":{"@type":"PropertyValueSpecification","valueRequired":true,"valueName":"search_term_string"}}],"inLanguage":"fr-FR"},{"@type":"Organization","@id":"https:\/\/happyplanet.com\/#organization","name":"Happy Planet Aliments","url":"https:\/\/happyplanet.com\/","logo":{"@type":"ImageObject","inLanguage":"fr-FR","@id":"https:\/\/happyplanet.com\/#\/schema\/logo\/image\/","url":"https:\/\/happyplanet.com\/wp-content\/uploads\/2019\/01\/Logo-2.png","contentUrl":"https:\/\/happyplanet.com\/wp-content\/uploads\/2019\/01\/Logo-2.png","width":678,"height":350,"caption":"Happy Planet Foods"},"image":{"@id":"https:\/\/happyplanet.com\/#\/schema\/logo\/image\/"},"sameAs":["https:\/\/www.facebook.com\/HappyPlanetFoodsInc","https:\/\/x.com\/TeamHappyPlanet","https:\/\/www.instagram.com\/happyplanetfoods\/","https:\/\/www.youtube.com\/user\/HappyPlanetFoods"]}]}},"_links":{"self":[{"href":"https:\/\/happyplanet.com\/fr\/wp-json\/wp\/v2\/pages\/515","targetHints":{"allow":["GET"]}}],"collection":[{"href":"https:\/\/happyplanet.com\/fr\/wp-json\/wp\/v2\/pages"}],"about":[{"href":"https:\/\/happyplanet.com\/fr\/wp-json\/wp\/v2\/types\/page"}],"author":[{"embeddable":true,"href":"https:\/\/happyplanet.com\/fr\/wp-json\/wp\/v2\/users\/2"}],"replies":[{"embeddable":true,"href":"https:\/\/happyplanet.com\/fr\/wp-json\/wp\/v2\/comments?post=515"}],"version-history":[{"count":0,"href":"https:\/\/happyplanet.com\/fr\/wp-json\/wp\/v2\/pages\/515\/revisions"}],"wp:attachment":[{"href":"https:\/\/happyplanet.com\/fr\/wp-json\/wp\/v2\/media?parent=515"}],"curies":[{"name":"wp","href":"https:\/\/api.w.org\/{rel}","templated":true}]}}