{"id":123,"date":"2019-01-17T13:06:20","date_gmt":"2019-01-17T13:06:20","guid":{"rendered":"https:\/\/happyplanet1.wpengine.com\/?page_id=123"},"modified":"2019-04-16T21:13:37","modified_gmt":"2019-04-16T21:13:37","slug":"sources","status":"publish","type":"page","link":"https:\/\/happyplanet.com\/fr\/sources\/","title":{"rendered":"Sources \u00e9thiques"},"content":{"rendered":"","protected":false},"excerpt":{"rendered":"","protected":false},"author":2,"featured_media":0,"parent":0,"menu_order":0,"comment_status":"closed","ping_status":"closed","template":"pages\/_sources.php","meta":{"_acf_changed":false,"footnotes":""},"class_list":["post-123","page","type-page","status-publish","hentry"],"acf":[],"yoast_head":"<!-- This site is optimized with the Yoast SEO plugin v27.1.1 - https:\/\/yoast.com\/product\/yoast-seo-wordpress\/ -->\n<title>Ethical Sources | Happy Planet Foods<\/title>\n<meta name=\"description\" content=\"At Happy Planet, we try to find the best possible ingredients for our food, sourcing both sustainably and ethically. So we\u2019ve put together some information which shows you where we get our food from.\" \/>\n<meta name=\"robots\" content=\"index, follow, max-snippet:-1, max-image-preview:large, max-video-preview:-1\" \/>\n<link rel=\"canonical\" href=\"http:\/\/happyplanet.com\/fr\/sources\/\" \/>\n<meta property=\"og:locale\" content=\"fr_FR\" \/>\n<meta property=\"og:type\" content=\"article\" \/>\n<meta property=\"og:title\" content=\"Ethical Sources | Happy Planet Foods\" \/>\n<meta property=\"og:description\" content=\"At Happy Planet, we try to find the best possible ingredients for our food, sourcing both sustainably and ethically. So we\u2019ve put together some information which shows you where we get our food from.\" \/>\n<meta property=\"og:url\" content=\"http:\/\/happyplanet.com\/fr\/sources\/\" \/>\n<meta property=\"og:site_name\" content=\"Happy Planet Foods\" \/>\n<meta property=\"article:publisher\" content=\"https:\/\/www.facebook.com\/HappyPlanetFoodsInc\" \/>\n<meta property=\"article:modified_time\" content=\"2019-04-16T21:13:37+00:00\" \/>\n<meta name=\"twitter:card\" content=\"summary_large_image\" \/>\n<meta name=\"twitter:site\" content=\"@TeamHappyPlanet\" \/>\n<script type=\"application\/ld+json\" class=\"yoast-schema-graph\">{\"@context\":\"https:\/\/schema.org\",\"@graph\":[{\"@type\":\"WebPage\",\"@id\":\"http:\/\/happyplanet.com\/sources\/\",\"url\":\"http:\/\/happyplanet.com\/sources\/\",\"name\":\"Ethical Sources | Happy Planet Foods\",\"isPartOf\":{\"@id\":\"https:\/\/happyplanet.com\/#website\"},\"datePublished\":\"2019-01-17T13:06:20+00:00\",\"dateModified\":\"2019-04-16T21:13:37+00:00\",\"description\":\"At Happy Planet, we try to find the best possible ingredients for our food, sourcing both sustainably and ethically. So we\u2019ve put together some information which shows you where we get our food from.\",\"breadcrumb\":{\"@id\":\"http:\/\/happyplanet.com\/sources\/#breadcrumb\"},\"inLanguage\":\"fr-FR\",\"potentialAction\":[{\"@type\":\"ReadAction\",\"target\":[\"http:\/\/happyplanet.com\/sources\/\"]}]},{\"@type\":\"BreadcrumbList\",\"@id\":\"http:\/\/happyplanet.com\/sources\/#breadcrumb\",\"itemListElement\":[{\"@type\":\"ListItem\",\"position\":1,\"name\":\"Home\",\"item\":\"https:\/\/happyplanet.com\/\"},{\"@type\":\"ListItem\",\"position\":2,\"name\":\"Ethical Sources\"}]},{\"@type\":\"WebSite\",\"@id\":\"https:\/\/happyplanet.com\/#website\",\"url\":\"https:\/\/happyplanet.com\/\",\"name\":\"Happy Planet Foods\",\"description\":\"\",\"publisher\":{\"@id\":\"https:\/\/happyplanet.com\/#organization\"},\"potentialAction\":[{\"@type\":\"SearchAction\",\"target\":{\"@type\":\"EntryPoint\",\"urlTemplate\":\"https:\/\/happyplanet.com\/?s={search_term_string}\"},\"query-input\":{\"@type\":\"PropertyValueSpecification\",\"valueRequired\":true,\"valueName\":\"search_term_string\"}}],\"inLanguage\":\"fr-FR\"},{\"@type\":\"Organization\",\"@id\":\"https:\/\/happyplanet.com\/#organization\",\"name\":\"Happy Planet Foods\",\"url\":\"https:\/\/happyplanet.com\/\",\"logo\":{\"@type\":\"ImageObject\",\"inLanguage\":\"fr-FR\",\"@id\":\"https:\/\/happyplanet.com\/#\/schema\/logo\/image\/\",\"url\":\"https:\/\/happyplanet.com\/wp-content\/uploads\/2019\/01\/Logo-2.png\",\"contentUrl\":\"https:\/\/happyplanet.com\/wp-content\/uploads\/2019\/01\/Logo-2.png\",\"width\":678,\"height\":350,\"caption\":\"Happy Planet Foods\"},\"image\":{\"@id\":\"https:\/\/happyplanet.com\/#\/schema\/logo\/image\/\"},\"sameAs\":[\"https:\/\/www.facebook.com\/HappyPlanetFoodsInc\",\"https:\/\/x.com\/TeamHappyPlanet\",\"https:\/\/www.instagram.com\/happyplanetfoods\/\",\"https:\/\/www.youtube.com\/user\/HappyPlanetFoods\"]}]}<\/script>\n<!-- \/ Yoast SEO plugin. -->","yoast_head_json":{"title":"Sources \u00e9thiques | Happy Planet Foods","description":"Chez Happy Planet, nous nous effor\u00e7ons de trouver les meilleurs ingr\u00e9dients possibles pour nos aliments, en nous approvisionnant de mani\u00e8re durable et \u00e9thique. Nous avons donc rassembl\u00e9 quelques informations pour vous montrer d&#039;o\u00f9 proviennent nos produits.","robots":{"index":"index","follow":"follow","max-snippet":"max-snippet:-1","max-image-preview":"max-image-preview:large","max-video-preview":"max-video-preview:-1"},"canonical":"http:\/\/happyplanet.com\/fr\/sources\/","og_locale":"fr_FR","og_type":"article","og_title":"Ethical Sources | Happy Planet Foods","og_description":"At Happy Planet, we try to find the best possible ingredients for our food, sourcing both sustainably and ethically. So we\u2019ve put together some information which shows you where we get our food from.","og_url":"http:\/\/happyplanet.com\/fr\/sources\/","og_site_name":"Happy Planet Foods","article_publisher":"https:\/\/www.facebook.com\/HappyPlanetFoodsInc","article_modified_time":"2019-04-16T21:13:37+00:00","twitter_card":"summary_large_image","twitter_site":"@TeamHappyPlanet","schema":{"@context":"https:\/\/schema.org","@graph":[{"@type":"WebPage","@id":"http:\/\/happyplanet.com\/sources\/","url":"http:\/\/happyplanet.com\/sources\/","name":"Sources \u00e9thiques | Happy Planet Foods","isPartOf":{"@id":"https:\/\/happyplanet.com\/#website"},"datePublished":"2019-01-17T13:06:20+00:00","dateModified":"2019-04-16T21:13:37+00:00","description":"Chez Happy Planet, nous nous effor\u00e7ons de trouver les meilleurs ingr\u00e9dients possibles pour nos aliments, en nous approvisionnant de mani\u00e8re durable et \u00e9thique. Nous avons donc rassembl\u00e9 quelques informations pour vous montrer d&#039;o\u00f9 proviennent nos produits.","breadcrumb":{"@id":"http:\/\/happyplanet.com\/sources\/#breadcrumb"},"inLanguage":"fr-FR","potentialAction":[{"@type":"ReadAction","target":["http:\/\/happyplanet.com\/sources\/"]}]},{"@type":"BreadcrumbList","@id":"http:\/\/happyplanet.com\/sources\/#breadcrumb","itemListElement":[{"@type":"ListItem","position":1,"name":"Home","item":"https:\/\/happyplanet.com\/"},{"@type":"ListItem","position":2,"name":"Ethical Sources"}]},{"@type":"WebSite","@id":"https:\/\/happyplanet.com\/#website","url":"https:\/\/happyplanet.com\/","name":"Happy Planet Aliments","description":"","publisher":{"@id":"https:\/\/happyplanet.com\/#organization"},"potentialAction":[{"@type":"SearchAction","target":{"@type":"EntryPoint","urlTemplate":"https:\/\/happyplanet.com\/?s={search_term_string}"},"query-input":{"@type":"PropertyValueSpecification","valueRequired":true,"valueName":"search_term_string"}}],"inLanguage":"fr-FR"},{"@type":"Organization","@id":"https:\/\/happyplanet.com\/#organization","name":"Happy Planet Aliments","url":"https:\/\/happyplanet.com\/","logo":{"@type":"ImageObject","inLanguage":"fr-FR","@id":"https:\/\/happyplanet.com\/#\/schema\/logo\/image\/","url":"https:\/\/happyplanet.com\/wp-content\/uploads\/2019\/01\/Logo-2.png","contentUrl":"https:\/\/happyplanet.com\/wp-content\/uploads\/2019\/01\/Logo-2.png","width":678,"height":350,"caption":"Happy Planet Foods"},"image":{"@id":"https:\/\/happyplanet.com\/#\/schema\/logo\/image\/"},"sameAs":["https:\/\/www.facebook.com\/HappyPlanetFoodsInc","https:\/\/x.com\/TeamHappyPlanet","https:\/\/www.instagram.com\/happyplanetfoods\/","https:\/\/www.youtube.com\/user\/HappyPlanetFoods"]}]}},"_links":{"self":[{"href":"https:\/\/happyplanet.com\/fr\/wp-json\/wp\/v2\/pages\/123","targetHints":{"allow":["GET"]}}],"collection":[{"href":"https:\/\/happyplanet.com\/fr\/wp-json\/wp\/v2\/pages"}],"about":[{"href":"https:\/\/happyplanet.com\/fr\/wp-json\/wp\/v2\/types\/page"}],"author":[{"embeddable":true,"href":"https:\/\/happyplanet.com\/fr\/wp-json\/wp\/v2\/users\/2"}],"replies":[{"embeddable":true,"href":"https:\/\/happyplanet.com\/fr\/wp-json\/wp\/v2\/comments?post=123"}],"version-history":[{"count":0,"href":"https:\/\/happyplanet.com\/fr\/wp-json\/wp\/v2\/pages\/123\/revisions"}],"wp:attachment":[{"href":"https:\/\/happyplanet.com\/fr\/wp-json\/wp\/v2\/media?parent=123"}],"curies":[{"name":"wp","href":"https:\/\/api.w.org\/{rel}","templated":true}]}}