{"id":118,"date":"2019-01-17T13:04:39","date_gmt":"2019-01-17T21:04:39","guid":{"rendered":"https:\/\/happyplanet1.wpengine.com\/?page_id=118"},"modified":"2024-02-01T12:58:49","modified_gmt":"2024-02-01T20:58:49","slug":"contact-2","status":"publish","type":"page","link":"https:\/\/happyplanet.com\/fr\/contact-2\/","title":{"rendered":"Contacter"},"content":{"rendered":"<div data-elementor-type=\"wp-page\" data-elementor-id=\"118\" class=\"elementor elementor-118\">\n\t\t\t\t\t\t<section class=\"elementor-section elementor-top-section elementor-element elementor-element-3621647 elementor-section-boxed elementor-section-height-default elementor-section-height-default\" data-id=\"3621647\" data-element_type=\"section\" data-e-type=\"section\" data-settings=\"{&quot;background_background&quot;:&quot;classic&quot;}\">\n\t\t\t\t\t\t<div class=\"elementor-container elementor-column-gap-default\">\n\t\t\t\t\t<div class=\"elementor-column elementor-col-100 elementor-top-column elementor-element elementor-element-6be139c\" data-id=\"6be139c\" data-element_type=\"column\" data-e-type=\"column\">\n\t\t\t<div class=\"elementor-widget-wrap elementor-element-populated\">\n\t\t\t\t\t\t<div class=\"elementor-element elementor-element-720ae65 elementor-widget elementor-widget-html\" data-id=\"720ae65\" data-element_type=\"widget\" data-e-type=\"widget\" data-widget_type=\"html.default\">\n\t\t\t\t<div class=\"elementor-widget-container\">\n\t\t\t\t\t<div class=\"product-bar-top-elementor\"><\/div>\t\t\t\t<\/div>\n\t\t\t\t<\/div>\n\t\t\t\t<div class=\"elementor-element elementor-element-a4c4f57 font-colby elementor-widget elementor-widget-heading\" data-id=\"a4c4f57\" data-element_type=\"widget\" data-e-type=\"widget\" data-widget_type=\"heading.default\">\n\t\t\t\t<div class=\"elementor-widget-container\">\n\t\t\t\t\t<h1 class=\"elementor-heading-title elementor-size-default\">Nous contacter<\/h1>\t\t\t\t<\/div>\n\t\t\t\t<\/div>\n\t\t\t\t<div class=\"elementor-element elementor-element-4585cf2 elementor-widget elementor-widget-html\" data-id=\"4585cf2\" data-element_type=\"widget\" data-e-type=\"widget\" data-widget_type=\"html.default\">\n\t\t\t\t<div class=\"elementor-widget-container\">\n\t\t\t\t\t<div class=\"product-bar-bottom-elementor\"><\/div>\t\t\t\t<\/div>\n\t\t\t\t<\/div>\n\t\t\t\t\t<\/div>\n\t\t<\/div>\n\t\t\t\t\t<\/div>\n\t\t<\/section>\n\t\t\t\t<section class=\"elementor-section elementor-top-section elementor-element elementor-element-43d26cc elementor-section-boxed elementor-section-height-default elementor-section-height-default\" data-id=\"43d26cc\" data-element_type=\"section\" data-e-type=\"section\">\n\t\t\t\t\t\t<div class=\"elementor-container elementor-column-gap-default\">\n\t\t\t\t\t<div class=\"elementor-column elementor-col-100 elementor-top-column elementor-element elementor-element-f77c0fa\" data-id=\"f77c0fa\" data-element_type=\"column\" data-e-type=\"column\">\n\t\t\t<div class=\"elementor-widget-wrap elementor-element-populated\">\n\t\t\t\t\t\t<div class=\"elementor-element elementor-element-fb55389 font-colby elementor-widget elementor-widget-text-editor\" data-id=\"fb55389\" data-element_type=\"widget\" data-e-type=\"widget\" data-widget_type=\"text-editor.default\">\n\t\t\t\t<div class=\"elementor-widget-container\">\n\t\t\t\t\t\t\t\t\t<blockquote>\n<h4>Nous sommes l\u00e0 pour vous aider avec toutes les questions que vous pourriez avoir sur nos produits.<\/h4><div>Veuillez nous envoyer un e-mail \u00e0\u00a0:\u00a0happy@happyplanet.com<\/div>\n<\/blockquote>\t\t\t\t\t\t\t\t<\/div>\n\t\t\t\t<\/div>\n\t\t\t\t<div class=\"elementor-element elementor-element-907ffb3 font-colby elementor-widget elementor-widget-text-editor\" data-id=\"907ffb3\" data-element_type=\"widget\" data-e-type=\"widget\" data-widget_type=\"text-editor.default\">\n\t\t\t\t<div class=\"elementor-widget-container\">\n\t\t\t\t\t\t\t\t\tNous r\u00e9pondrons \u00e0 toute demande dans les 24 heures.\t\t\t\t\t\t\t\t<\/div>\n\t\t\t\t<\/div>\n\t\t\t\t<section class=\"elementor-section elementor-inner-section elementor-element elementor-element-cc94874 elementor-section-boxed elementor-section-height-default elementor-section-height-default\" data-id=\"cc94874\" data-element_type=\"section\" data-e-type=\"section\">\n\t\t\t\t\t\t<div class=\"elementor-container elementor-column-gap-default\">\n\t\t\t\t\t<div class=\"elementor-column elementor-col-33 elementor-inner-column elementor-element elementor-element-a71e75f\" data-id=\"a71e75f\" data-element_type=\"column\" data-e-type=\"column\">\n\t\t\t<div class=\"elementor-widget-wrap\">\n\t\t\t\t\t\t\t<\/div>\n\t\t<\/div>\n\t\t\t\t<div class=\"elementor-column elementor-col-33 elementor-inner-column elementor-element elementor-element-2dbcc1b\" data-id=\"2dbcc1b\" data-element_type=\"column\" data-e-type=\"column\">\n\t\t\t<div class=\"elementor-widget-wrap elementor-element-populated\">\n\t\t\t\t\t\t<div class=\"elementor-element elementor-element-57440a7 elementor-align-justify elementor-widget__width-inherit font-colby elementor-widget elementor-widget-button\" data-id=\"57440a7\" data-element_type=\"widget\" data-e-type=\"widget\" data-widget_type=\"button.default\">\n\t\t\t\t<div class=\"elementor-widget-container\">\n\t\t\t\t\t\t\t\t\t<div class=\"elementor-button-wrapper\">\n\t\t\t\t\t<a class=\"elementor-button elementor-button-link elementor-size-sm\" href=\"\/fr\/faqs\/\">\n\t\t\t\t\t\t<span class=\"elementor-button-content-wrapper\">\n\t\t\t\t\t\t\t\t\t<span class=\"elementor-button-text\">FAQ<\/span>\n\t\t\t\t\t<\/span>\n\t\t\t\t\t<\/a>\n\t\t\t\t<\/div>\n\t\t\t\t\t\t\t\t<\/div>\n\t\t\t\t<\/div>\n\t\t\t\t\t<\/div>\n\t\t<\/div>\n\t\t\t\t<div class=\"elementor-column elementor-col-33 elementor-inner-column elementor-element elementor-element-f913eba\" data-id=\"f913eba\" data-element_type=\"column\" data-e-type=\"column\">\n\t\t\t<div class=\"elementor-widget-wrap\">\n\t\t\t\t\t\t\t<\/div>\n\t\t<\/div>\n\t\t\t\t\t<\/div>\n\t\t<\/section>\n\t\t\t\t\t<\/div>\n\t\t<\/div>\n\t\t\t\t\t<\/div>\n\t\t<\/section>\n\t\t\t\t<section class=\"elementor-section elementor-top-section elementor-element elementor-element-714de3f elementor-section-content-middle contact-slice elementor-section-boxed elementor-section-height-default elementor-section-height-default\" data-id=\"714de3f\" data-element_type=\"section\" data-e-type=\"section\" data-settings=\"{&quot;background_background&quot;:&quot;classic&quot;}\">\n\t\t\t\t\t\t<div class=\"elementor-container elementor-column-gap-default\">\n\t\t\t\t\t<div class=\"elementor-column elementor-col-50 elementor-top-column elementor-element elementor-element-fae3329\" data-id=\"fae3329\" data-element_type=\"column\" data-e-type=\"column\">\n\t\t\t<div class=\"elementor-widget-wrap elementor-element-populated\">\n\t\t\t\t\t\t<div class=\"elementor-element elementor-element-d9b34ca font-colby elementor-widget elementor-widget-heading\" data-id=\"d9b34ca\" data-element_type=\"widget\" data-e-type=\"widget\" data-widget_type=\"heading.default\">\n\t\t\t\t<div class=\"elementor-widget-container\">\n\t\t\t\t\t<h2 class=\"elementor-heading-title elementor-size-default\">Le changement, c&#039;est bien, surtout quand c&#039;est aussi d\u00e9licieux.<\/h2>\t\t\t\t<\/div>\n\t\t\t\t<\/div>\n\t\t\t\t<div class=\"elementor-element elementor-element-10ca166 elementor-widget elementor-widget-text-editor\" data-id=\"10ca166\" data-element_type=\"widget\" data-e-type=\"widget\" data-widget_type=\"text-editor.default\">\n\t\t\t\t<div class=\"elementor-widget-container\">\n\t\t\t\t\t\t\t\t\t<p style=\"font-size: 21px; line-height: 1.6;\">Nous avons r\u00e9cemment pris la d\u00e9cision difficile d&#039;arr\u00eater nos smoothies aux fruits.<\/p>\t\t\t\t\t\t\t\t<\/div>\n\t\t\t\t<\/div>\n\t\t\t\t<div class=\"elementor-element elementor-element-12cdc3b elementor-align-left font-colby elementor-widget elementor-widget-button\" data-id=\"12cdc3b\" data-element_type=\"widget\" data-e-type=\"widget\" data-widget_type=\"button.default\">\n\t\t\t\t<div class=\"elementor-widget-container\">\n\t\t\t\t\t\t\t\t\t<div class=\"elementor-button-wrapper\">\n\t\t\t\t\t<a class=\"elementor-button elementor-button-link elementor-size-sm\" href=\"\/fr\/blog\/change-is-good-especially-when-its-this-yummy\/\">\n\t\t\t\t\t\t<span class=\"elementor-button-content-wrapper\">\n\t\t\t\t\t\t\t\t\t<span class=\"elementor-button-text\">Lire la suite<\/span>\n\t\t\t\t\t<\/span>\n\t\t\t\t\t<\/a>\n\t\t\t\t<\/div>\n\t\t\t\t\t\t\t\t<\/div>\n\t\t\t\t<\/div>\n\t\t\t\t\t<\/div>\n\t\t<\/div>\n\t\t\t\t<div class=\"elementor-column elementor-col-50 elementor-top-column elementor-element elementor-element-b619dd6\" data-id=\"b619dd6\" data-element_type=\"column\" data-e-type=\"column\">\n\t\t\t<div class=\"elementor-widget-wrap elementor-element-populated\">\n\t\t\t\t\t\t<div class=\"elementor-element elementor-element-196ea57 elementor-widget elementor-widget-image\" data-id=\"196ea57\" data-element_type=\"widget\" data-e-type=\"widget\" data-widget_type=\"image.default\">\n\t\t\t\t<div class=\"elementor-widget-container\">\n\t\t\t\t\t\t\t\t\t\t\t\t\t\t\t<img fetchpriority=\"high\" decoding=\"async\" width=\"1000\" height=\"761\" src=\"https:\/\/happyplanet.com\/wp-content\/uploads\/2022\/10\/clouds.jpg\" class=\"attachment-large size-large wp-image-12122\" alt=\"\" srcset=\"https:\/\/happyplanet.com\/wp-content\/uploads\/2022\/10\/clouds.jpg 1000w, https:\/\/happyplanet.com\/wp-content\/uploads\/2022\/10\/clouds-300x228.jpg 300w, https:\/\/happyplanet.com\/wp-content\/uploads\/2022\/10\/clouds-768x584.jpg 768w, https:\/\/happyplanet.com\/wp-content\/uploads\/2022\/10\/clouds-980x746.jpg 980w, https:\/\/happyplanet.com\/wp-content\/uploads\/2022\/10\/clouds-480x365.jpg 480w\" sizes=\"(max-width: 1000px) 100vw, 1000px\" \/>\t\t\t\t\t\t\t\t\t\t\t\t\t\t\t<\/div>\n\t\t\t\t<\/div>\n\t\t\t\t\t<\/div>\n\t\t<\/div>\n\t\t\t\t\t<\/div>\n\t\t<\/section>\n\t\t\t\t<section class=\"elementor-section elementor-top-section elementor-element elementor-element-5e40052 inquiries elementor-section-boxed elementor-section-height-default elementor-section-height-default\" data-id=\"5e40052\" data-element_type=\"section\" data-e-type=\"section\">\n\t\t\t\t\t\t<div class=\"elementor-container elementor-column-gap-default\">\n\t\t\t\t\t<div class=\"elementor-column elementor-col-100 elementor-top-column elementor-element elementor-element-641d8dd\" data-id=\"641d8dd\" data-element_type=\"column\" data-e-type=\"column\">\n\t\t\t<div class=\"elementor-widget-wrap elementor-element-populated\">\n\t\t\t\t\t\t<div class=\"elementor-element elementor-element-28171c2 font-colby elementor-widget elementor-widget-text-editor\" data-id=\"28171c2\" data-element_type=\"widget\" data-e-type=\"widget\" data-widget_type=\"text-editor.default\">\n\t\t\t\t<div class=\"elementor-widget-container\">\n\t\t\t\t\t\t\t\t\t<h2 style=\"text-transform: none !important;\">Demandes de renseignements en gros<\/h2>\t\t\t\t\t\t\t\t<\/div>\n\t\t\t\t<\/div>\n\t\t\t\t<section class=\"elementor-section elementor-inner-section elementor-element elementor-element-f2eedd7 elementor-section-boxed elementor-section-height-default elementor-section-height-default\" data-id=\"f2eedd7\" data-element_type=\"section\" data-e-type=\"section\">\n\t\t\t\t\t\t<div class=\"elementor-container elementor-column-gap-default\">\n\t\t\t\t\t<div class=\"elementor-column elementor-col-100 elementor-inner-column elementor-element elementor-element-9358929\" data-id=\"9358929\" data-element_type=\"column\" data-e-type=\"column\">\n\t\t\t<div class=\"elementor-widget-wrap elementor-element-populated\">\n\t\t\t\t\t\t<div class=\"elementor-element elementor-element-e95f3d1 font-colby elementor-widget elementor-widget-text-editor\" data-id=\"e95f3d1\" data-element_type=\"widget\" data-e-type=\"widget\" data-widget_type=\"text-editor.default\">\n\t\t\t\t<div class=\"elementor-widget-container\">\n\t\t\t\t\t\t\t\t\t<h5 style=\"text-align: center;\">Si vous souhaitez devenir partenaire grossiste, veuillez nous contacter \u00e0 happy@happyplanet.com<\/h5>\t\t\t\t\t\t\t\t<\/div>\n\t\t\t\t<\/div>\n\t\t\t\t\t<\/div>\n\t\t<\/div>\n\t\t\t\t\t<\/div>\n\t\t<\/section>\n\t\t\t\t\t<\/div>\n\t\t<\/div>\n\t\t\t\t\t<\/div>\n\t\t<\/section>\n\t\t\t\t<\/div>","protected":false},"excerpt":{"rendered":"<p>Contact Us We&#8217;re here to help you with any questions you may have about our products. Please email us at:&nbsp; [&hellip;]<\/p>\n","protected":false},"author":2,"featured_media":0,"parent":0,"menu_order":0,"comment_status":"closed","ping_status":"closed","template":"elementor_header_footer","meta":{"_acf_changed":false,"footnotes":""},"class_list":["post-118","page","type-page","status-publish","hentry"],"acf":[],"yoast_head":"<!-- This site is optimized with the Yoast SEO plugin v27.1.1 - https:\/\/yoast.com\/product\/yoast-seo-wordpress\/ -->\n<title>Contact | Happy Planet Foods<\/title>\n<meta name=\"description\" content=\"At Happy Planet, we are committed to lending a hand in our community where we can \u2013 and we don\u2019t mind rolling up our sleeves to help out. We\u2019ve not made all the planet happy yet, but it\u2019s a good start.\" \/>\n<meta name=\"robots\" content=\"index, follow, max-snippet:-1, max-image-preview:large, max-video-preview:-1\" \/>\n<link rel=\"canonical\" href=\"https:\/\/happyplanet.com\/fr\/contact-2\/\" \/>\n<meta property=\"og:locale\" content=\"fr_FR\" \/>\n<meta property=\"og:type\" content=\"article\" \/>\n<meta property=\"og:title\" content=\"Contact | Happy Planet Foods\" \/>\n<meta property=\"og:description\" content=\"At Happy Planet, we are committed to lending a hand in our community where we can \u2013 and we don\u2019t mind rolling up our sleeves to help out. We\u2019ve not made all the planet happy yet, but it\u2019s a good start.\" \/>\n<meta property=\"og:url\" content=\"https:\/\/happyplanet.com\/fr\/contact-2\/\" \/>\n<meta property=\"og:site_name\" content=\"Happy Planet Foods\" \/>\n<meta property=\"article:publisher\" content=\"https:\/\/www.facebook.com\/HappyPlanetFoodsInc\" \/>\n<meta property=\"article:modified_time\" content=\"2024-02-01T20:58:49+00:00\" \/>\n<meta property=\"og:image\" content=\"https:\/\/happyplanet.com\/wp-content\/uploads\/2022\/10\/clouds.jpg\" \/>\n<meta name=\"twitter:card\" content=\"summary_large_image\" \/>\n<meta name=\"twitter:site\" content=\"@TeamHappyPlanet\" \/>\n<meta name=\"twitter:label1\" content=\"Dur\u00e9e de lecture estim\u00e9e\" \/>\n\t<meta name=\"twitter:data1\" content=\"1 minute\" \/>\n<script type=\"application\/ld+json\" class=\"yoast-schema-graph\">{\"@context\":\"https:\/\/schema.org\",\"@graph\":[{\"@type\":\"WebPage\",\"@id\":\"https:\/\/happyplanet.com\/contact-2\/\",\"url\":\"https:\/\/happyplanet.com\/contact-2\/\",\"name\":\"Contact | Happy Planet Foods\",\"isPartOf\":{\"@id\":\"https:\/\/happyplanet.com\/#website\"},\"primaryImageOfPage\":{\"@id\":\"https:\/\/happyplanet.com\/contact-2\/#primaryimage\"},\"image\":{\"@id\":\"https:\/\/happyplanet.com\/contact-2\/#primaryimage\"},\"thumbnailUrl\":\"https:\/\/happyplanet.com\/wp-content\/uploads\/2022\/10\/clouds.jpg\",\"datePublished\":\"2019-01-17T21:04:39+00:00\",\"dateModified\":\"2024-02-01T20:58:49+00:00\",\"description\":\"At Happy Planet, we are committed to lending a hand in our community where we can \u2013 and we don\u2019t mind rolling up our sleeves to help out. We\u2019ve not made all the planet happy yet, but it\u2019s a good start.\",\"breadcrumb\":{\"@id\":\"https:\/\/happyplanet.com\/contact-2\/#breadcrumb\"},\"inLanguage\":\"fr-FR\",\"potentialAction\":[{\"@type\":\"ReadAction\",\"target\":[\"https:\/\/happyplanet.com\/contact-2\/\"]}]},{\"@type\":\"ImageObject\",\"inLanguage\":\"fr-FR\",\"@id\":\"https:\/\/happyplanet.com\/contact-2\/#primaryimage\",\"url\":\"https:\/\/happyplanet.com\/wp-content\/uploads\/2022\/10\/clouds.jpg\",\"contentUrl\":\"https:\/\/happyplanet.com\/wp-content\/uploads\/2022\/10\/clouds.jpg\"},{\"@type\":\"BreadcrumbList\",\"@id\":\"https:\/\/happyplanet.com\/contact-2\/#breadcrumb\",\"itemListElement\":[{\"@type\":\"ListItem\",\"position\":1,\"name\":\"Home\",\"item\":\"https:\/\/happyplanet.com\/\"},{\"@type\":\"ListItem\",\"position\":2,\"name\":\"Contact\"}]},{\"@type\":\"WebSite\",\"@id\":\"https:\/\/happyplanet.com\/#website\",\"url\":\"https:\/\/happyplanet.com\/\",\"name\":\"Happy Planet Foods\",\"description\":\"\",\"publisher\":{\"@id\":\"https:\/\/happyplanet.com\/#organization\"},\"potentialAction\":[{\"@type\":\"SearchAction\",\"target\":{\"@type\":\"EntryPoint\",\"urlTemplate\":\"https:\/\/happyplanet.com\/?s={search_term_string}\"},\"query-input\":{\"@type\":\"PropertyValueSpecification\",\"valueRequired\":true,\"valueName\":\"search_term_string\"}}],\"inLanguage\":\"fr-FR\"},{\"@type\":\"Organization\",\"@id\":\"https:\/\/happyplanet.com\/#organization\",\"name\":\"Happy Planet Foods\",\"url\":\"https:\/\/happyplanet.com\/\",\"logo\":{\"@type\":\"ImageObject\",\"inLanguage\":\"fr-FR\",\"@id\":\"https:\/\/happyplanet.com\/#\/schema\/logo\/image\/\",\"url\":\"https:\/\/happyplanet.com\/wp-content\/uploads\/2019\/01\/Logo-2.png\",\"contentUrl\":\"https:\/\/happyplanet.com\/wp-content\/uploads\/2019\/01\/Logo-2.png\",\"width\":678,\"height\":350,\"caption\":\"Happy Planet Foods\"},\"image\":{\"@id\":\"https:\/\/happyplanet.com\/#\/schema\/logo\/image\/\"},\"sameAs\":[\"https:\/\/www.facebook.com\/HappyPlanetFoodsInc\",\"https:\/\/x.com\/TeamHappyPlanet\",\"https:\/\/www.instagram.com\/happyplanetfoods\/\",\"https:\/\/www.youtube.com\/user\/HappyPlanetFoods\"]}]}<\/script>\n<!-- \/ Yoast SEO plugin. -->","yoast_head_json":{"title":"Contact | Happy Planet Foods","description":"Chez Happy Planet, nous nous engageons \u00e0 apporter notre aide \u00e0 notre communaut\u00e9 d\u00e8s que possible, et nous n&#039;h\u00e9sitons pas \u00e0 nous retrousser les manches pour apporter notre aide. Nous n&#039;avons pas encore rendu la plan\u00e8te enti\u00e8re heureuse, mais c&#039;est un bon d\u00e9but.","robots":{"index":"index","follow":"follow","max-snippet":"max-snippet:-1","max-image-preview":"max-image-preview:large","max-video-preview":"max-video-preview:-1"},"canonical":"https:\/\/happyplanet.com\/fr\/contact-2\/","og_locale":"fr_FR","og_type":"article","og_title":"Contact | Happy Planet Foods","og_description":"At Happy Planet, we are committed to lending a hand in our community where we can \u2013 and we don\u2019t mind rolling up our sleeves to help out. We\u2019ve not made all the planet happy yet, but it\u2019s a good start.","og_url":"https:\/\/happyplanet.com\/fr\/contact-2\/","og_site_name":"Happy Planet Foods","article_publisher":"https:\/\/www.facebook.com\/HappyPlanetFoodsInc","article_modified_time":"2024-02-01T20:58:49+00:00","og_image":[{"url":"https:\/\/happyplanet.com\/wp-content\/uploads\/2022\/10\/clouds.jpg","type":"","width":"","height":""}],"twitter_card":"summary_large_image","twitter_site":"@TeamHappyPlanet","twitter_misc":{"Dur\u00e9e de lecture estim\u00e9e":"1 minute"},"schema":{"@context":"https:\/\/schema.org","@graph":[{"@type":"WebPage","@id":"https:\/\/happyplanet.com\/contact-2\/","url":"https:\/\/happyplanet.com\/contact-2\/","name":"Contact | Happy Planet Foods","isPartOf":{"@id":"https:\/\/happyplanet.com\/#website"},"primaryImageOfPage":{"@id":"https:\/\/happyplanet.com\/contact-2\/#primaryimage"},"image":{"@id":"https:\/\/happyplanet.com\/contact-2\/#primaryimage"},"thumbnailUrl":"https:\/\/happyplanet.com\/wp-content\/uploads\/2022\/10\/clouds.jpg","datePublished":"2019-01-17T21:04:39+00:00","dateModified":"2024-02-01T20:58:49+00:00","description":"Chez Happy Planet, nous nous engageons \u00e0 apporter notre aide \u00e0 notre communaut\u00e9 d\u00e8s que possible, et nous n&#039;h\u00e9sitons pas \u00e0 nous retrousser les manches pour apporter notre aide. Nous n&#039;avons pas encore rendu la plan\u00e8te enti\u00e8re heureuse, mais c&#039;est un bon d\u00e9but.","breadcrumb":{"@id":"https:\/\/happyplanet.com\/contact-2\/#breadcrumb"},"inLanguage":"fr-FR","potentialAction":[{"@type":"ReadAction","target":["https:\/\/happyplanet.com\/contact-2\/"]}]},{"@type":"ImageObject","inLanguage":"fr-FR","@id":"https:\/\/happyplanet.com\/contact-2\/#primaryimage","url":"https:\/\/happyplanet.com\/wp-content\/uploads\/2022\/10\/clouds.jpg","contentUrl":"https:\/\/happyplanet.com\/wp-content\/uploads\/2022\/10\/clouds.jpg"},{"@type":"BreadcrumbList","@id":"https:\/\/happyplanet.com\/contact-2\/#breadcrumb","itemListElement":[{"@type":"ListItem","position":1,"name":"Home","item":"https:\/\/happyplanet.com\/"},{"@type":"ListItem","position":2,"name":"Contact"}]},{"@type":"WebSite","@id":"https:\/\/happyplanet.com\/#website","url":"https:\/\/happyplanet.com\/","name":"Happy Planet Aliments","description":"","publisher":{"@id":"https:\/\/happyplanet.com\/#organization"},"potentialAction":[{"@type":"SearchAction","target":{"@type":"EntryPoint","urlTemplate":"https:\/\/happyplanet.com\/?s={search_term_string}"},"query-input":{"@type":"PropertyValueSpecification","valueRequired":true,"valueName":"search_term_string"}}],"inLanguage":"fr-FR"},{"@type":"Organization","@id":"https:\/\/happyplanet.com\/#organization","name":"Happy Planet Aliments","url":"https:\/\/happyplanet.com\/","logo":{"@type":"ImageObject","inLanguage":"fr-FR","@id":"https:\/\/happyplanet.com\/#\/schema\/logo\/image\/","url":"https:\/\/happyplanet.com\/wp-content\/uploads\/2019\/01\/Logo-2.png","contentUrl":"https:\/\/happyplanet.com\/wp-content\/uploads\/2019\/01\/Logo-2.png","width":678,"height":350,"caption":"Happy Planet Foods"},"image":{"@id":"https:\/\/happyplanet.com\/#\/schema\/logo\/image\/"},"sameAs":["https:\/\/www.facebook.com\/HappyPlanetFoodsInc","https:\/\/x.com\/TeamHappyPlanet","https:\/\/www.instagram.com\/happyplanetfoods\/","https:\/\/www.youtube.com\/user\/HappyPlanetFoods"]}]}},"_links":{"self":[{"href":"https:\/\/happyplanet.com\/fr\/wp-json\/wp\/v2\/pages\/118","targetHints":{"allow":["GET"]}}],"collection":[{"href":"https:\/\/happyplanet.com\/fr\/wp-json\/wp\/v2\/pages"}],"about":[{"href":"https:\/\/happyplanet.com\/fr\/wp-json\/wp\/v2\/types\/page"}],"author":[{"embeddable":true,"href":"https:\/\/happyplanet.com\/fr\/wp-json\/wp\/v2\/users\/2"}],"replies":[{"embeddable":true,"href":"https:\/\/happyplanet.com\/fr\/wp-json\/wp\/v2\/comments?post=118"}],"version-history":[{"count":0,"href":"https:\/\/happyplanet.com\/fr\/wp-json\/wp\/v2\/pages\/118\/revisions"}],"wp:attachment":[{"href":"https:\/\/happyplanet.com\/fr\/wp-json\/wp\/v2\/media?parent=118"}],"curies":[{"name":"wp","href":"https:\/\/api.w.org\/{rel}","templated":true}]}}