{"id":117,"date":"2019-01-17T13:04:28","date_gmt":"2019-01-17T13:04:28","guid":{"rendered":"https:\/\/happyplanet1.wpengine.com\/?page_id=117"},"modified":"2022-11-08T16:56:14","modified_gmt":"2022-11-09T00:56:14","slug":"careers","status":"publish","type":"page","link":"https:\/\/happyplanet.com\/fr\/careers\/","title":{"rendered":"Carri\u00e8res"},"content":{"rendered":"<div data-elementor-type=\"wp-page\" data-elementor-id=\"117\" class=\"elementor elementor-117\">\n\t\t\t\t\t\t<section class=\"elementor-section elementor-top-section elementor-element elementor-element-f4d8686 elementor-section-boxed elementor-section-height-default elementor-section-height-default\" data-id=\"f4d8686\" data-element_type=\"section\" data-e-type=\"section\" data-settings=\"{&quot;background_background&quot;:&quot;classic&quot;}\">\n\t\t\t\t\t\t<div class=\"elementor-container elementor-column-gap-default\">\n\t\t\t\t\t<div class=\"elementor-column elementor-col-100 elementor-top-column elementor-element elementor-element-bf897ab\" data-id=\"bf897ab\" data-element_type=\"column\" data-e-type=\"column\">\n\t\t\t<div class=\"elementor-widget-wrap elementor-element-populated\">\n\t\t\t\t\t\t<div class=\"elementor-element elementor-element-4ce56c0 elementor-widget elementor-widget-html\" data-id=\"4ce56c0\" data-element_type=\"widget\" data-e-type=\"widget\" data-widget_type=\"html.default\">\n\t\t\t\t<div class=\"elementor-widget-container\">\n\t\t\t\t\t<div class=\"product-bar-top-elementor\"><\/div>\t\t\t\t<\/div>\n\t\t\t\t<\/div>\n\t\t\t\t<div class=\"elementor-element elementor-element-52b9154 font-colby elementor-widget elementor-widget-heading\" data-id=\"52b9154\" data-element_type=\"widget\" data-e-type=\"widget\" data-widget_type=\"heading.default\">\n\t\t\t\t<div class=\"elementor-widget-container\">\n\t\t\t\t\t<h1 class=\"elementor-heading-title elementor-size-default\">Carri\u00e8res<\/h1>\t\t\t\t<\/div>\n\t\t\t\t<\/div>\n\t\t\t\t<div class=\"elementor-element elementor-element-38b5e84 elementor-widget elementor-widget-html\" data-id=\"38b5e84\" data-element_type=\"widget\" data-e-type=\"widget\" data-widget_type=\"html.default\">\n\t\t\t\t<div class=\"elementor-widget-container\">\n\t\t\t\t\t<div class=\"product-bar-bottom-elementor\"><\/div>\t\t\t\t<\/div>\n\t\t\t\t<\/div>\n\t\t\t\t\t<\/div>\n\t\t<\/div>\n\t\t\t\t\t<\/div>\n\t\t<\/section>\n\t\t\t\t<section class=\"elementor-section elementor-top-section elementor-element elementor-element-58e3aaf elementor-section-boxed elementor-section-height-default elementor-section-height-default\" data-id=\"58e3aaf\" data-element_type=\"section\" data-e-type=\"section\">\n\t\t\t\t\t\t<div class=\"elementor-container elementor-column-gap-default\">\n\t\t\t\t\t<div class=\"elementor-column elementor-col-100 elementor-top-column elementor-element elementor-element-25a202c\" data-id=\"25a202c\" data-element_type=\"column\" data-e-type=\"column\">\n\t\t\t<div class=\"elementor-widget-wrap elementor-element-populated\">\n\t\t\t\t\t\t<div class=\"elementor-element elementor-element-32d6689 elementor-widget elementor-widget-text-editor\" data-id=\"32d6689\" data-element_type=\"widget\" data-e-type=\"widget\" data-widget_type=\"text-editor.default\">\n\t\t\t\t<div class=\"elementor-widget-container\">\n\t\t\t\t\t\t\t\t\t<h2>Revenez bient\u00f4t pour d&#039;autres opportunit\u00e9s int\u00e9ressantes<\/h2>\t\t\t\t\t\t\t\t<\/div>\n\t\t\t\t<\/div>\n\t\t\t\t\t<\/div>\n\t\t<\/div>\n\t\t\t\t\t<\/div>\n\t\t<\/section>\n\t\t\t\t<\/div>","protected":false},"excerpt":{"rendered":"<p>Revenez bient\u00f4t pour d&#039;autres opportunit\u00e9s passionnantes<\/p>","protected":false},"author":2,"featured_media":0,"parent":0,"menu_order":0,"comment_status":"closed","ping_status":"closed","template":"elementor_header_footer","meta":{"_acf_changed":false,"footnotes":""},"class_list":["post-117","page","type-page","status-publish","hentry"],"acf":[],"yoast_head":"<!-- This site is optimized with the Yoast SEO plugin v27.1.1 - https:\/\/yoast.com\/product\/yoast-seo-wordpress\/ -->\n<title>Careers | Happy Planet Foods<\/title>\n<meta name=\"description\" content=\"Through passion and perseverance, Happy Planet is Canada\u2019s leading all natural food and drink company. It\u2019s a great place to work and we\u2019d love you to be part of the team.\" \/>\n<meta name=\"robots\" content=\"index, follow, max-snippet:-1, max-image-preview:large, max-video-preview:-1\" \/>\n<link rel=\"canonical\" href=\"https:\/\/happyplanet.com\/fr\/careers\/\" \/>\n<meta property=\"og:locale\" content=\"fr_FR\" \/>\n<meta property=\"og:type\" content=\"article\" \/>\n<meta property=\"og:title\" content=\"Careers | Happy Planet Foods\" \/>\n<meta property=\"og:description\" content=\"Through passion and perseverance, Happy Planet is Canada\u2019s leading all natural food and drink company. It\u2019s a great place to work and we\u2019d love you to be part of the team.\" \/>\n<meta property=\"og:url\" content=\"https:\/\/happyplanet.com\/fr\/careers\/\" \/>\n<meta property=\"og:site_name\" content=\"Happy Planet Foods\" \/>\n<meta property=\"article:publisher\" content=\"https:\/\/www.facebook.com\/HappyPlanetFoodsInc\" \/>\n<meta property=\"article:modified_time\" content=\"2022-11-09T00:56:14+00:00\" \/>\n<meta name=\"twitter:card\" content=\"summary_large_image\" \/>\n<meta name=\"twitter:site\" content=\"@TeamHappyPlanet\" \/>\n<script type=\"application\/ld+json\" class=\"yoast-schema-graph\">{\"@context\":\"https:\/\/schema.org\",\"@graph\":[{\"@type\":\"WebPage\",\"@id\":\"https:\/\/happyplanet.com\/careers\/\",\"url\":\"https:\/\/happyplanet.com\/careers\/\",\"name\":\"Careers | Happy Planet Foods\",\"isPartOf\":{\"@id\":\"https:\/\/happyplanet.com\/#website\"},\"datePublished\":\"2019-01-17T13:04:28+00:00\",\"dateModified\":\"2022-11-09T00:56:14+00:00\",\"description\":\"Through passion and perseverance, Happy Planet is Canada\u2019s leading all natural food and drink company. It\u2019s a great place to work and we\u2019d love you to be part of the team.\",\"breadcrumb\":{\"@id\":\"https:\/\/happyplanet.com\/careers\/#breadcrumb\"},\"inLanguage\":\"fr-FR\",\"potentialAction\":[{\"@type\":\"ReadAction\",\"target\":[\"https:\/\/happyplanet.com\/careers\/\"]}]},{\"@type\":\"BreadcrumbList\",\"@id\":\"https:\/\/happyplanet.com\/careers\/#breadcrumb\",\"itemListElement\":[{\"@type\":\"ListItem\",\"position\":1,\"name\":\"Home\",\"item\":\"https:\/\/happyplanet.com\/\"},{\"@type\":\"ListItem\",\"position\":2,\"name\":\"Careers\"}]},{\"@type\":\"WebSite\",\"@id\":\"https:\/\/happyplanet.com\/#website\",\"url\":\"https:\/\/happyplanet.com\/\",\"name\":\"Happy Planet Foods\",\"description\":\"\",\"publisher\":{\"@id\":\"https:\/\/happyplanet.com\/#organization\"},\"potentialAction\":[{\"@type\":\"SearchAction\",\"target\":{\"@type\":\"EntryPoint\",\"urlTemplate\":\"https:\/\/happyplanet.com\/?s={search_term_string}\"},\"query-input\":{\"@type\":\"PropertyValueSpecification\",\"valueRequired\":true,\"valueName\":\"search_term_string\"}}],\"inLanguage\":\"fr-FR\"},{\"@type\":\"Organization\",\"@id\":\"https:\/\/happyplanet.com\/#organization\",\"name\":\"Happy Planet Foods\",\"url\":\"https:\/\/happyplanet.com\/\",\"logo\":{\"@type\":\"ImageObject\",\"inLanguage\":\"fr-FR\",\"@id\":\"https:\/\/happyplanet.com\/#\/schema\/logo\/image\/\",\"url\":\"https:\/\/happyplanet.com\/wp-content\/uploads\/2019\/01\/Logo-2.png\",\"contentUrl\":\"https:\/\/happyplanet.com\/wp-content\/uploads\/2019\/01\/Logo-2.png\",\"width\":678,\"height\":350,\"caption\":\"Happy Planet Foods\"},\"image\":{\"@id\":\"https:\/\/happyplanet.com\/#\/schema\/logo\/image\/\"},\"sameAs\":[\"https:\/\/www.facebook.com\/HappyPlanetFoodsInc\",\"https:\/\/x.com\/TeamHappyPlanet\",\"https:\/\/www.instagram.com\/happyplanetfoods\/\",\"https:\/\/www.youtube.com\/user\/HappyPlanetFoods\"]}]}<\/script>\n<!-- \/ Yoast SEO plugin. -->","yoast_head_json":{"title":"Carri\u00e8res | Happy Planet Foods","description":"Gr\u00e2ce \u00e0 sa passion et \u00e0 sa pers\u00e9v\u00e9rance, Happy Planet est le chef de file canadien en mati\u00e8re d&#039;aliments et de boissons enti\u00e8rement naturels. C&#039;est un endroit o\u00f9 il fait bon travailler et nous serions ravis de vous accueillir.","robots":{"index":"index","follow":"follow","max-snippet":"max-snippet:-1","max-image-preview":"max-image-preview:large","max-video-preview":"max-video-preview:-1"},"canonical":"https:\/\/happyplanet.com\/fr\/careers\/","og_locale":"fr_FR","og_type":"article","og_title":"Careers | Happy Planet Foods","og_description":"Through passion and perseverance, Happy Planet is Canada\u2019s leading all natural food and drink company. It\u2019s a great place to work and we\u2019d love you to be part of the team.","og_url":"https:\/\/happyplanet.com\/fr\/careers\/","og_site_name":"Happy Planet Foods","article_publisher":"https:\/\/www.facebook.com\/HappyPlanetFoodsInc","article_modified_time":"2022-11-09T00:56:14+00:00","twitter_card":"summary_large_image","twitter_site":"@TeamHappyPlanet","schema":{"@context":"https:\/\/schema.org","@graph":[{"@type":"WebPage","@id":"https:\/\/happyplanet.com\/careers\/","url":"https:\/\/happyplanet.com\/careers\/","name":"Carri\u00e8res | Happy Planet Foods","isPartOf":{"@id":"https:\/\/happyplanet.com\/#website"},"datePublished":"2019-01-17T13:04:28+00:00","dateModified":"2022-11-09T00:56:14+00:00","description":"Gr\u00e2ce \u00e0 sa passion et \u00e0 sa pers\u00e9v\u00e9rance, Happy Planet est le chef de file canadien en mati\u00e8re d&#039;aliments et de boissons enti\u00e8rement naturels. C&#039;est un endroit o\u00f9 il fait bon travailler et nous serions ravis de vous accueillir.","breadcrumb":{"@id":"https:\/\/happyplanet.com\/careers\/#breadcrumb"},"inLanguage":"fr-FR","potentialAction":[{"@type":"ReadAction","target":["https:\/\/happyplanet.com\/careers\/"]}]},{"@type":"BreadcrumbList","@id":"https:\/\/happyplanet.com\/careers\/#breadcrumb","itemListElement":[{"@type":"ListItem","position":1,"name":"Home","item":"https:\/\/happyplanet.com\/"},{"@type":"ListItem","position":2,"name":"Careers"}]},{"@type":"WebSite","@id":"https:\/\/happyplanet.com\/#website","url":"https:\/\/happyplanet.com\/","name":"Happy Planet Aliments","description":"","publisher":{"@id":"https:\/\/happyplanet.com\/#organization"},"potentialAction":[{"@type":"SearchAction","target":{"@type":"EntryPoint","urlTemplate":"https:\/\/happyplanet.com\/?s={search_term_string}"},"query-input":{"@type":"PropertyValueSpecification","valueRequired":true,"valueName":"search_term_string"}}],"inLanguage":"fr-FR"},{"@type":"Organization","@id":"https:\/\/happyplanet.com\/#organization","name":"Happy Planet Aliments","url":"https:\/\/happyplanet.com\/","logo":{"@type":"ImageObject","inLanguage":"fr-FR","@id":"https:\/\/happyplanet.com\/#\/schema\/logo\/image\/","url":"https:\/\/happyplanet.com\/wp-content\/uploads\/2019\/01\/Logo-2.png","contentUrl":"https:\/\/happyplanet.com\/wp-content\/uploads\/2019\/01\/Logo-2.png","width":678,"height":350,"caption":"Happy Planet Foods"},"image":{"@id":"https:\/\/happyplanet.com\/#\/schema\/logo\/image\/"},"sameAs":["https:\/\/www.facebook.com\/HappyPlanetFoodsInc","https:\/\/x.com\/TeamHappyPlanet","https:\/\/www.instagram.com\/happyplanetfoods\/","https:\/\/www.youtube.com\/user\/HappyPlanetFoods"]}]}},"_links":{"self":[{"href":"https:\/\/happyplanet.com\/fr\/wp-json\/wp\/v2\/pages\/117","targetHints":{"allow":["GET"]}}],"collection":[{"href":"https:\/\/happyplanet.com\/fr\/wp-json\/wp\/v2\/pages"}],"about":[{"href":"https:\/\/happyplanet.com\/fr\/wp-json\/wp\/v2\/types\/page"}],"author":[{"embeddable":true,"href":"https:\/\/happyplanet.com\/fr\/wp-json\/wp\/v2\/users\/2"}],"replies":[{"embeddable":true,"href":"https:\/\/happyplanet.com\/fr\/wp-json\/wp\/v2\/comments?post=117"}],"version-history":[{"count":0,"href":"https:\/\/happyplanet.com\/fr\/wp-json\/wp\/v2\/pages\/117\/revisions"}],"wp:attachment":[{"href":"https:\/\/happyplanet.com\/fr\/wp-json\/wp\/v2\/media?parent=117"}],"curies":[{"name":"wp","href":"https:\/\/api.w.org\/{rel}","templated":true}]}}