{"id":116,"date":"2019-01-17T13:04:11","date_gmt":"2019-01-17T13:04:11","guid":{"rendered":"https:\/\/happyplanet1.wpengine.com\/?page_id=116"},"modified":"2019-04-01T19:55:50","modified_gmt":"2019-04-01T19:55:50","slug":"blog","status":"publish","type":"page","link":"https:\/\/happyplanet.com\/fr\/blog\/","title":{"rendered":"Blog"},"content":{"rendered":"","protected":false},"excerpt":{"rendered":"","protected":false},"author":2,"featured_media":0,"parent":0,"menu_order":0,"comment_status":"closed","ping_status":"closed","template":"pages\/_blog.php","meta":{"_acf_changed":false,"footnotes":""},"class_list":["post-116","page","type-page","status-publish","hentry"],"acf":[],"yoast_head":"<!-- This site is optimized with the Yoast SEO plugin v27.1.1 - https:\/\/yoast.com\/product\/yoast-seo-wordpress\/ -->\n<title>Blog | Happy Planet Foods<\/title>\n<meta name=\"description\" content=\"This is where we tell you all the interesting bits (hopefully)... We make food that tastes great and makes you feel good, it\u2019s that simple. We\u2019ve not made all the planet happy yet \u2026 but it\u2019s a good start.\" \/>\n<meta name=\"robots\" content=\"index, follow, max-snippet:-1, max-image-preview:large, max-video-preview:-1\" \/>\n<link rel=\"canonical\" href=\"https:\/\/happyplanet.com\/fr\/blog\/\" \/>\n<meta property=\"og:locale\" content=\"fr_FR\" \/>\n<meta property=\"og:type\" content=\"article\" \/>\n<meta property=\"og:title\" content=\"Blog | Happy Planet Foods\" \/>\n<meta property=\"og:description\" content=\"This is where we tell you all the interesting bits (hopefully)... We make food that tastes great and makes you feel good, it\u2019s that simple. We\u2019ve not made all the planet happy yet \u2026 but it\u2019s a good start.\" \/>\n<meta property=\"og:url\" content=\"https:\/\/happyplanet.com\/fr\/blog\/\" \/>\n<meta property=\"og:site_name\" content=\"Happy Planet Foods\" \/>\n<meta property=\"article:publisher\" content=\"https:\/\/www.facebook.com\/HappyPlanetFoodsInc\" \/>\n<meta property=\"article:modified_time\" content=\"2019-04-01T19:55:50+00:00\" \/>\n<meta name=\"twitter:card\" content=\"summary_large_image\" \/>\n<meta name=\"twitter:site\" content=\"@TeamHappyPlanet\" \/>\n<script type=\"application\/ld+json\" class=\"yoast-schema-graph\">{\"@context\":\"https:\/\/schema.org\",\"@graph\":[{\"@type\":\"WebPage\",\"@id\":\"https:\/\/happyplanet.com\/blog\/\",\"url\":\"https:\/\/happyplanet.com\/blog\/\",\"name\":\"Blog | Happy Planet Foods\",\"isPartOf\":{\"@id\":\"https:\/\/happyplanet.com\/#website\"},\"datePublished\":\"2019-01-17T13:04:11+00:00\",\"dateModified\":\"2019-04-01T19:55:50+00:00\",\"description\":\"This is where we tell you all the interesting bits (hopefully)... We make food that tastes great and makes you feel good, it\u2019s that simple. We\u2019ve not made all the planet happy yet \u2026 but it\u2019s a good start.\",\"breadcrumb\":{\"@id\":\"https:\/\/happyplanet.com\/blog\/#breadcrumb\"},\"inLanguage\":\"fr-FR\",\"potentialAction\":[{\"@type\":\"ReadAction\",\"target\":[\"https:\/\/happyplanet.com\/blog\/\"]}]},{\"@type\":\"BreadcrumbList\",\"@id\":\"https:\/\/happyplanet.com\/blog\/#breadcrumb\",\"itemListElement\":[{\"@type\":\"ListItem\",\"position\":1,\"name\":\"Home\",\"item\":\"https:\/\/happyplanet.com\/\"},{\"@type\":\"ListItem\",\"position\":2,\"name\":\"Blog\"}]},{\"@type\":\"WebSite\",\"@id\":\"https:\/\/happyplanet.com\/#website\",\"url\":\"https:\/\/happyplanet.com\/\",\"name\":\"Happy Planet Foods\",\"description\":\"\",\"publisher\":{\"@id\":\"https:\/\/happyplanet.com\/#organization\"},\"potentialAction\":[{\"@type\":\"SearchAction\",\"target\":{\"@type\":\"EntryPoint\",\"urlTemplate\":\"https:\/\/happyplanet.com\/?s={search_term_string}\"},\"query-input\":{\"@type\":\"PropertyValueSpecification\",\"valueRequired\":true,\"valueName\":\"search_term_string\"}}],\"inLanguage\":\"fr-FR\"},{\"@type\":\"Organization\",\"@id\":\"https:\/\/happyplanet.com\/#organization\",\"name\":\"Happy Planet Foods\",\"url\":\"https:\/\/happyplanet.com\/\",\"logo\":{\"@type\":\"ImageObject\",\"inLanguage\":\"fr-FR\",\"@id\":\"https:\/\/happyplanet.com\/#\/schema\/logo\/image\/\",\"url\":\"https:\/\/happyplanet.com\/wp-content\/uploads\/2019\/01\/Logo-2.png\",\"contentUrl\":\"https:\/\/happyplanet.com\/wp-content\/uploads\/2019\/01\/Logo-2.png\",\"width\":678,\"height\":350,\"caption\":\"Happy Planet Foods\"},\"image\":{\"@id\":\"https:\/\/happyplanet.com\/#\/schema\/logo\/image\/\"},\"sameAs\":[\"https:\/\/www.facebook.com\/HappyPlanetFoodsInc\",\"https:\/\/x.com\/TeamHappyPlanet\",\"https:\/\/www.instagram.com\/happyplanetfoods\/\",\"https:\/\/www.youtube.com\/user\/HappyPlanetFoods\"]}]}<\/script>\n<!-- \/ Yoast SEO plugin. -->","yoast_head_json":{"title":"Blog | Happy Planet Foods","description":"C&#039;est ici que nous vous racontons tous les d\u00e9tails int\u00e9ressants (on l&#039;esp\u00e8re)\u2026 Nous pr\u00e9parons des plats savoureux et r\u00e9confortants, c&#039;est aussi simple que \u00e7a. Nous n&#039;avons pas encore rendu toute la plan\u00e8te heureuse\u2026 mais c&#039;est un bon d\u00e9but.","robots":{"index":"index","follow":"follow","max-snippet":"max-snippet:-1","max-image-preview":"max-image-preview:large","max-video-preview":"max-video-preview:-1"},"canonical":"https:\/\/happyplanet.com\/fr\/blog\/","og_locale":"fr_FR","og_type":"article","og_title":"Blog | Happy Planet Foods","og_description":"This is where we tell you all the interesting bits (hopefully)... We make food that tastes great and makes you feel good, it\u2019s that simple. We\u2019ve not made all the planet happy yet \u2026 but it\u2019s a good start.","og_url":"https:\/\/happyplanet.com\/fr\/blog\/","og_site_name":"Happy Planet Foods","article_publisher":"https:\/\/www.facebook.com\/HappyPlanetFoodsInc","article_modified_time":"2019-04-01T19:55:50+00:00","twitter_card":"summary_large_image","twitter_site":"@TeamHappyPlanet","schema":{"@context":"https:\/\/schema.org","@graph":[{"@type":"WebPage","@id":"https:\/\/happyplanet.com\/blog\/","url":"https:\/\/happyplanet.com\/blog\/","name":"Blog | Happy Planet Foods","isPartOf":{"@id":"https:\/\/happyplanet.com\/#website"},"datePublished":"2019-01-17T13:04:11+00:00","dateModified":"2019-04-01T19:55:50+00:00","description":"C&#039;est ici que nous vous racontons tous les d\u00e9tails int\u00e9ressants (on l&#039;esp\u00e8re)\u2026 Nous pr\u00e9parons des plats savoureux et r\u00e9confortants, c&#039;est aussi simple que \u00e7a. Nous n&#039;avons pas encore rendu toute la plan\u00e8te heureuse\u2026 mais c&#039;est un bon d\u00e9but.","breadcrumb":{"@id":"https:\/\/happyplanet.com\/blog\/#breadcrumb"},"inLanguage":"fr-FR","potentialAction":[{"@type":"ReadAction","target":["https:\/\/happyplanet.com\/blog\/"]}]},{"@type":"BreadcrumbList","@id":"https:\/\/happyplanet.com\/blog\/#breadcrumb","itemListElement":[{"@type":"ListItem","position":1,"name":"Home","item":"https:\/\/happyplanet.com\/"},{"@type":"ListItem","position":2,"name":"Blog"}]},{"@type":"WebSite","@id":"https:\/\/happyplanet.com\/#website","url":"https:\/\/happyplanet.com\/","name":"Happy Planet Aliments","description":"","publisher":{"@id":"https:\/\/happyplanet.com\/#organization"},"potentialAction":[{"@type":"SearchAction","target":{"@type":"EntryPoint","urlTemplate":"https:\/\/happyplanet.com\/?s={search_term_string}"},"query-input":{"@type":"PropertyValueSpecification","valueRequired":true,"valueName":"search_term_string"}}],"inLanguage":"fr-FR"},{"@type":"Organization","@id":"https:\/\/happyplanet.com\/#organization","name":"Happy Planet Aliments","url":"https:\/\/happyplanet.com\/","logo":{"@type":"ImageObject","inLanguage":"fr-FR","@id":"https:\/\/happyplanet.com\/#\/schema\/logo\/image\/","url":"https:\/\/happyplanet.com\/wp-content\/uploads\/2019\/01\/Logo-2.png","contentUrl":"https:\/\/happyplanet.com\/wp-content\/uploads\/2019\/01\/Logo-2.png","width":678,"height":350,"caption":"Happy Planet Foods"},"image":{"@id":"https:\/\/happyplanet.com\/#\/schema\/logo\/image\/"},"sameAs":["https:\/\/www.facebook.com\/HappyPlanetFoodsInc","https:\/\/x.com\/TeamHappyPlanet","https:\/\/www.instagram.com\/happyplanetfoods\/","https:\/\/www.youtube.com\/user\/HappyPlanetFoods"]}]}},"_links":{"self":[{"href":"https:\/\/happyplanet.com\/fr\/wp-json\/wp\/v2\/pages\/116","targetHints":{"allow":["GET"]}}],"collection":[{"href":"https:\/\/happyplanet.com\/fr\/wp-json\/wp\/v2\/pages"}],"about":[{"href":"https:\/\/happyplanet.com\/fr\/wp-json\/wp\/v2\/types\/page"}],"author":[{"embeddable":true,"href":"https:\/\/happyplanet.com\/fr\/wp-json\/wp\/v2\/users\/2"}],"replies":[{"embeddable":true,"href":"https:\/\/happyplanet.com\/fr\/wp-json\/wp\/v2\/comments?post=116"}],"version-history":[{"count":0,"href":"https:\/\/happyplanet.com\/fr\/wp-json\/wp\/v2\/pages\/116\/revisions"}],"wp:attachment":[{"href":"https:\/\/happyplanet.com\/fr\/wp-json\/wp\/v2\/media?parent=116"}],"curies":[{"name":"wp","href":"https:\/\/api.w.org\/{rel}","templated":true}]}}