{"id":10832,"date":"2020-06-18T20:09:41","date_gmt":"2020-06-19T03:09:41","guid":{"rendered":"https:\/\/live-happy-planet-foods.pantheonsite.io\/?page_id=10832"},"modified":"2022-04-21T19:05:18","modified_gmt":"2022-04-22T02:05:18","slug":"love-it-or-its-free","status":"publish","type":"page","link":"https:\/\/happyplanet.com\/fr\/love-it-or-its-free\/","title":{"rendered":"Aimez-le ou c&#039;est gratuit"},"content":{"rendered":"<h4><img fetchpriority=\"high\" decoding=\"async\" class=\"alignnone size-full wp-image-11097\" src=\"https:\/\/happyplanet.com\/wp-content\/uploads\/2021\/04\/HappyPlanet_FamilyImage.jpg\" alt=\"\" width=\"1675\" height=\"1100\" srcset=\"https:\/\/happyplanet.com\/wp-content\/uploads\/2021\/04\/HappyPlanet_FamilyImage.jpg 1675w, https:\/\/happyplanet.com\/wp-content\/uploads\/2021\/04\/HappyPlanet_FamilyImage-300x197.jpg 300w, https:\/\/happyplanet.com\/wp-content\/uploads\/2021\/04\/HappyPlanet_FamilyImage-1024x672.jpg 1024w, https:\/\/happyplanet.com\/wp-content\/uploads\/2021\/04\/HappyPlanet_FamilyImage-768x504.jpg 768w, https:\/\/happyplanet.com\/wp-content\/uploads\/2021\/04\/HappyPlanet_FamilyImage-1536x1009.jpg 1536w, https:\/\/happyplanet.com\/wp-content\/uploads\/2021\/04\/HappyPlanet_FamilyImage-1200x788.jpg 1200w, https:\/\/happyplanet.com\/wp-content\/uploads\/2021\/04\/HappyPlanet_FamilyImage-980x644.jpg 980w, https:\/\/happyplanet.com\/wp-content\/uploads\/2021\/04\/HappyPlanet_FamilyImage-480x315.jpg 480w\" sizes=\"(max-width: 1675px) 100vw, 1675px\" \/><\/h4>\n<h4><\/h4>\n<h3>Nous sommes ravis de nos nouvelles boissons Happy Planet, encore plus cr\u00e9meuses et savoureuses, et nous sommes presque s\u00fbrs que vous les aimerez aussi. Mais si vous n&#039;aimez pas absolument le go\u00fbt, nous serons heureux de vous rembourser.*<\/h3>\n<p>Si vous vous renseignez sur notre programme Love It ou It&#039;s Free tel qu&#039;il appara\u00eet sur les emballages de nos boissons Happy Planet, vous pouvez soumettre votre demande en remplissant notre formulaire en ligne ci-dessous. Apr\u00e8s r\u00e9ception de votre soumission, nous vous demanderons une photo ou une image num\u00e9ris\u00e9e de l&#039;int\u00e9gralit\u00e9 du re\u00e7u de vente original avec le num\u00e9ro de code \u00e0 barres CUP manuscrit \u00e0 nous envoyer par e-mail, veuillez donc conserver votre re\u00e7u. Veuillez pr\u00e9voir 8 semaines pour le traitement.<\/p>\n<p>J&#039;ADORE OU C&#039;EST FORMULAIRE EN LIGNE GRATUIT (<a href=\"https:\/\/happyplanet.com\/fr\/en-usa\/love-it-form-new\/\">Cliquez ici<\/a>)<\/p>\n<p>* Limite - deux remboursements par m\u00e9nage et par an. Preuve d&#039;achat requise. Remboursement maximum $5.99 par article soumis.<\/p>","protected":false},"excerpt":{"rendered":"<p>We\u2019re pretty excited about our new, even creamier, tastier Happy Planet beverages, and we\u2019re pretty sure you\u2019re going to love [&hellip;]<\/p>\n","protected":false},"author":3,"featured_media":0,"parent":0,"menu_order":0,"comment_status":"closed","ping_status":"closed","template":"","meta":{"_acf_changed":false,"footnotes":""},"class_list":["post-10832","page","type-page","status-publish","hentry"],"acf":[],"yoast_head":"<!-- This site is optimized with the Yoast SEO plugin v27.1.1 - https:\/\/yoast.com\/product\/yoast-seo-wordpress\/ -->\n<title>Love it or it&#039;s free | Happy Planet Foods<\/title>\n<meta name=\"description\" content=\"We&#039;re so sure you&#039;re going to love the great new taste of our oatmilks that we will happily give you your money back if you absolutely don&#039;t agree.\" \/>\n<meta name=\"robots\" content=\"index, follow, max-snippet:-1, max-image-preview:large, max-video-preview:-1\" \/>\n<link rel=\"canonical\" href=\"https:\/\/happyplanet.com\/fr\/love-it-or-its-free\/\" \/>\n<meta property=\"og:locale\" content=\"fr_FR\" \/>\n<meta property=\"og:type\" content=\"article\" \/>\n<meta property=\"og:title\" content=\"Love it or it&#039;s free | Happy Planet Foods\" \/>\n<meta property=\"og:description\" content=\"We&#039;re so sure you&#039;re going to love the great new taste of our oatmilks that we will happily give you your money back if you absolutely don&#039;t agree.\" \/>\n<meta property=\"og:url\" content=\"https:\/\/happyplanet.com\/fr\/love-it-or-its-free\/\" \/>\n<meta property=\"og:site_name\" content=\"Happy Planet Foods\" \/>\n<meta property=\"article:publisher\" content=\"https:\/\/www.facebook.com\/HappyPlanetFoodsInc\" \/>\n<meta property=\"article:modified_time\" content=\"2022-04-22T02:05:18+00:00\" \/>\n<meta property=\"og:image\" content=\"https:\/\/happyplanet.com\/wp-content\/uploads\/2021\/04\/HappyPlanet_FamilyImage.jpg\" \/>\n<meta name=\"twitter:card\" content=\"summary_large_image\" \/>\n<meta name=\"twitter:site\" content=\"@TeamHappyPlanet\" \/>\n<meta name=\"twitter:label1\" content=\"Dur\u00e9e de lecture estim\u00e9e\" \/>\n\t<meta name=\"twitter:data1\" content=\"1 minute\" \/>\n<script type=\"application\/ld+json\" class=\"yoast-schema-graph\">{\"@context\":\"https:\/\/schema.org\",\"@graph\":[{\"@type\":\"WebPage\",\"@id\":\"https:\/\/happyplanet.com\/love-it-or-its-free\/\",\"url\":\"https:\/\/happyplanet.com\/love-it-or-its-free\/\",\"name\":\"Love it or it's free | Happy Planet Foods\",\"isPartOf\":{\"@id\":\"https:\/\/happyplanet.com\/#website\"},\"primaryImageOfPage\":{\"@id\":\"https:\/\/happyplanet.com\/love-it-or-its-free\/#primaryimage\"},\"image\":{\"@id\":\"https:\/\/happyplanet.com\/love-it-or-its-free\/#primaryimage\"},\"thumbnailUrl\":\"https:\/\/happyplanet.com\/wp-content\/uploads\/2021\/04\/HappyPlanet_FamilyImage.jpg\",\"datePublished\":\"2020-06-19T03:09:41+00:00\",\"dateModified\":\"2022-04-22T02:05:18+00:00\",\"description\":\"We're so sure you're going to love the great new taste of our oatmilks that we will happily give you your money back if you absolutely don't agree.\",\"breadcrumb\":{\"@id\":\"https:\/\/happyplanet.com\/love-it-or-its-free\/#breadcrumb\"},\"inLanguage\":\"fr-FR\",\"potentialAction\":[{\"@type\":\"ReadAction\",\"target\":[\"https:\/\/happyplanet.com\/love-it-or-its-free\/\"]}]},{\"@type\":\"ImageObject\",\"inLanguage\":\"fr-FR\",\"@id\":\"https:\/\/happyplanet.com\/love-it-or-its-free\/#primaryimage\",\"url\":\"https:\/\/happyplanet.com\/wp-content\/uploads\/2021\/04\/HappyPlanet_FamilyImage.jpg\",\"contentUrl\":\"https:\/\/happyplanet.com\/wp-content\/uploads\/2021\/04\/HappyPlanet_FamilyImage.jpg\"},{\"@type\":\"BreadcrumbList\",\"@id\":\"https:\/\/happyplanet.com\/love-it-or-its-free\/#breadcrumb\",\"itemListElement\":[{\"@type\":\"ListItem\",\"position\":1,\"name\":\"Home\",\"item\":\"https:\/\/happyplanet.com\/\"},{\"@type\":\"ListItem\",\"position\":2,\"name\":\"Love it or it&#8217;s free\"}]},{\"@type\":\"WebSite\",\"@id\":\"https:\/\/happyplanet.com\/#website\",\"url\":\"https:\/\/happyplanet.com\/\",\"name\":\"Happy Planet Foods\",\"description\":\"\",\"publisher\":{\"@id\":\"https:\/\/happyplanet.com\/#organization\"},\"potentialAction\":[{\"@type\":\"SearchAction\",\"target\":{\"@type\":\"EntryPoint\",\"urlTemplate\":\"https:\/\/happyplanet.com\/?s={search_term_string}\"},\"query-input\":{\"@type\":\"PropertyValueSpecification\",\"valueRequired\":true,\"valueName\":\"search_term_string\"}}],\"inLanguage\":\"fr-FR\"},{\"@type\":\"Organization\",\"@id\":\"https:\/\/happyplanet.com\/#organization\",\"name\":\"Happy Planet Foods\",\"url\":\"https:\/\/happyplanet.com\/\",\"logo\":{\"@type\":\"ImageObject\",\"inLanguage\":\"fr-FR\",\"@id\":\"https:\/\/happyplanet.com\/#\/schema\/logo\/image\/\",\"url\":\"https:\/\/happyplanet.com\/wp-content\/uploads\/2019\/01\/Logo-2.png\",\"contentUrl\":\"https:\/\/happyplanet.com\/wp-content\/uploads\/2019\/01\/Logo-2.png\",\"width\":678,\"height\":350,\"caption\":\"Happy Planet Foods\"},\"image\":{\"@id\":\"https:\/\/happyplanet.com\/#\/schema\/logo\/image\/\"},\"sameAs\":[\"https:\/\/www.facebook.com\/HappyPlanetFoodsInc\",\"https:\/\/x.com\/TeamHappyPlanet\",\"https:\/\/www.instagram.com\/happyplanetfoods\/\",\"https:\/\/www.youtube.com\/user\/HappyPlanetFoods\"]}]}<\/script>\n<!-- \/ Yoast SEO plugin. -->","yoast_head_json":{"title":"Aimez-le ou c&#039;est gratuit | Happy Planet Foods","description":"Nous sommes tellement s\u00fbrs que vous allez adorer le nouveau go\u00fbt d\u00e9licieux de nos laits d&#039;avoine que nous serons heureux de vous rembourser si vous n&#039;\u00eates absolument pas d&#039;accord.","robots":{"index":"index","follow":"follow","max-snippet":"max-snippet:-1","max-image-preview":"max-image-preview:large","max-video-preview":"max-video-preview:-1"},"canonical":"https:\/\/happyplanet.com\/fr\/love-it-or-its-free\/","og_locale":"fr_FR","og_type":"article","og_title":"Love it or it's free | Happy Planet Foods","og_description":"We're so sure you're going to love the great new taste of our oatmilks that we will happily give you your money back if you absolutely don't agree.","og_url":"https:\/\/happyplanet.com\/fr\/love-it-or-its-free\/","og_site_name":"Happy Planet Foods","article_publisher":"https:\/\/www.facebook.com\/HappyPlanetFoodsInc","article_modified_time":"2022-04-22T02:05:18+00:00","og_image":[{"url":"https:\/\/happyplanet.com\/wp-content\/uploads\/2021\/04\/HappyPlanet_FamilyImage.jpg","type":"","width":"","height":""}],"twitter_card":"summary_large_image","twitter_site":"@TeamHappyPlanet","twitter_misc":{"Dur\u00e9e de lecture estim\u00e9e":"1 minute"},"schema":{"@context":"https:\/\/schema.org","@graph":[{"@type":"WebPage","@id":"https:\/\/happyplanet.com\/love-it-or-its-free\/","url":"https:\/\/happyplanet.com\/love-it-or-its-free\/","name":"Aimez-le ou c&#039;est gratuit | Happy Planet Foods","isPartOf":{"@id":"https:\/\/happyplanet.com\/#website"},"primaryImageOfPage":{"@id":"https:\/\/happyplanet.com\/love-it-or-its-free\/#primaryimage"},"image":{"@id":"https:\/\/happyplanet.com\/love-it-or-its-free\/#primaryimage"},"thumbnailUrl":"https:\/\/happyplanet.com\/wp-content\/uploads\/2021\/04\/HappyPlanet_FamilyImage.jpg","datePublished":"2020-06-19T03:09:41+00:00","dateModified":"2022-04-22T02:05:18+00:00","description":"Nous sommes tellement s\u00fbrs que vous allez adorer le nouveau go\u00fbt d\u00e9licieux de nos laits d&#039;avoine que nous serons heureux de vous rembourser si vous n&#039;\u00eates absolument pas d&#039;accord.","breadcrumb":{"@id":"https:\/\/happyplanet.com\/love-it-or-its-free\/#breadcrumb"},"inLanguage":"fr-FR","potentialAction":[{"@type":"ReadAction","target":["https:\/\/happyplanet.com\/love-it-or-its-free\/"]}]},{"@type":"ImageObject","inLanguage":"fr-FR","@id":"https:\/\/happyplanet.com\/love-it-or-its-free\/#primaryimage","url":"https:\/\/happyplanet.com\/wp-content\/uploads\/2021\/04\/HappyPlanet_FamilyImage.jpg","contentUrl":"https:\/\/happyplanet.com\/wp-content\/uploads\/2021\/04\/HappyPlanet_FamilyImage.jpg"},{"@type":"BreadcrumbList","@id":"https:\/\/happyplanet.com\/love-it-or-its-free\/#breadcrumb","itemListElement":[{"@type":"ListItem","position":1,"name":"Home","item":"https:\/\/happyplanet.com\/"},{"@type":"ListItem","position":2,"name":"Love it or it&#8217;s free"}]},{"@type":"WebSite","@id":"https:\/\/happyplanet.com\/#website","url":"https:\/\/happyplanet.com\/","name":"Happy Planet Aliments","description":"","publisher":{"@id":"https:\/\/happyplanet.com\/#organization"},"potentialAction":[{"@type":"SearchAction","target":{"@type":"EntryPoint","urlTemplate":"https:\/\/happyplanet.com\/?s={search_term_string}"},"query-input":{"@type":"PropertyValueSpecification","valueRequired":true,"valueName":"search_term_string"}}],"inLanguage":"fr-FR"},{"@type":"Organization","@id":"https:\/\/happyplanet.com\/#organization","name":"Happy Planet Aliments","url":"https:\/\/happyplanet.com\/","logo":{"@type":"ImageObject","inLanguage":"fr-FR","@id":"https:\/\/happyplanet.com\/#\/schema\/logo\/image\/","url":"https:\/\/happyplanet.com\/wp-content\/uploads\/2019\/01\/Logo-2.png","contentUrl":"https:\/\/happyplanet.com\/wp-content\/uploads\/2019\/01\/Logo-2.png","width":678,"height":350,"caption":"Happy Planet Foods"},"image":{"@id":"https:\/\/happyplanet.com\/#\/schema\/logo\/image\/"},"sameAs":["https:\/\/www.facebook.com\/HappyPlanetFoodsInc","https:\/\/x.com\/TeamHappyPlanet","https:\/\/www.instagram.com\/happyplanetfoods\/","https:\/\/www.youtube.com\/user\/HappyPlanetFoods"]}]}},"_links":{"self":[{"href":"https:\/\/happyplanet.com\/fr\/wp-json\/wp\/v2\/pages\/10832","targetHints":{"allow":["GET"]}}],"collection":[{"href":"https:\/\/happyplanet.com\/fr\/wp-json\/wp\/v2\/pages"}],"about":[{"href":"https:\/\/happyplanet.com\/fr\/wp-json\/wp\/v2\/types\/page"}],"author":[{"embeddable":true,"href":"https:\/\/happyplanet.com\/fr\/wp-json\/wp\/v2\/users\/3"}],"replies":[{"embeddable":true,"href":"https:\/\/happyplanet.com\/fr\/wp-json\/wp\/v2\/comments?post=10832"}],"version-history":[{"count":0,"href":"https:\/\/happyplanet.com\/fr\/wp-json\/wp\/v2\/pages\/10832\/revisions"}],"wp:attachment":[{"href":"https:\/\/happyplanet.com\/fr\/wp-json\/wp\/v2\/media?parent=10832"}],"curies":[{"name":"wp","href":"https:\/\/api.w.org\/{rel}","templated":true}]}}